{"id":30924,"date":"2023-01-02T11:25:16","date_gmt":"2023-01-02T15:25:16","guid":{"rendered":"https:\/\/www.staging.labovick.com\/boston\/proteccion-contra-danos-corporales\/"},"modified":"2024-02-28T14:08:54","modified_gmt":"2024-02-28T18:08:54","slug":"proteccion-contra-danos-corporales","status":"publish","type":"page","link":"https:\/\/www.staging.labovick.com\/es\/boston\/proteccion-contra-danos-corporales\/","title":{"rendered":"Abogados PIP"},"content":{"rendered":"<p>En Florida, todos los conductores de autom\u00f3viles deben llevar un m\u00ednimo de $ 10,000 en seguro de protecci\u00f3n contra lesiones personales (PIP). Esta cobertura est\u00e1 dise\u00f1ada para reembolsar a los proveedores de servicios m\u00e9dicos la atenci\u00f3n que prestan a los conductores que sufren lesiones en accidentes, independientemente de la culpa. El seguro PIP es un tipo \u00fanico de cobertura que se exige en los estados sin culpa.<\/p>\n<p>Los abogados de West Palm Beach PIP en LaBovick Law Group se especializan en ayudar a los proveedores m\u00e9dicos con las colecciones de pago para la atenci\u00f3n prestada a los pacientes de las compa\u00f1\u00edas de seguros de autom\u00f3viles. Disponemos de un departamento especializado en cobros de PIP que revisar\u00e1 su caso gratuitamente.<\/p>\n<h2>\u00bfPor qu\u00e9 contratar a LaBovick Law Group para su reclamo PIP?<\/h2>\n<ul>\n<li>Nuestros abogados PIP tienen los recursos y la experiencia para tener \u00e9xito en cualquier caso contra cualquier acusado, incluyendo las instituciones grandes y poderosas como las compa\u00f1\u00edas de seguros de autom\u00f3viles.<\/li>\n<li>Somos un bufete de abogados de servicio completo que se ocupa de las reclamaciones PIP en West Palm Beach de principio a fin. Siempre protegemos los intereses de nuestros clientes.<\/li>\n<li>Somos bien conocidos en la comunidad del sur de Florida y tenemos una larga reputaci\u00f3n de excelencia. Nuestros abogados tienen un largo historial de asegurar resultados positivos en los casos.<\/li>\n<li>LaBovick Law Group opera sobre una base de honorarios de contingencia para todos los casos de West Palm Beach PIP, lo que significa que usted no paga nada a menos que ganemos.<\/li>\n<\/ul>\n<h2>\u00bfC\u00f3mo puede un abogado de West Palm Beach PIP ayudar?<\/h2>\n<p>Aunque la cobertura PIP est\u00e1 pensada para reembolsar a un proveedor de asistencia, muchos proveedores m\u00e9dicos luchan por recuperar pagos justos de las aseguradoras de veh\u00edculos de motor de los conductores. La contrataci\u00f3n de un abogado de reclamaciones PIP cualificado en West Palm Beach, Florida, puede garantizar un reembolso justo y equitativo por lo que gast\u00f3 en la atenci\u00f3n m\u00e9dica de una v\u00edctima lesionada.<\/p>\n<p>Un abogado puede ayudarle a evitar que le paguen poco o que no le paguen nada. Su abogado puede luchar para recuperar los beneficios justos PIP de una compa\u00f1\u00eda de seguros de autom\u00f3viles en su nombre. Su abogado puede ocuparse por usted de los complicados tr\u00e1mites de las reclamaciones, la documentaci\u00f3n de las prestaciones y las negociaciones para llegar a un acuerdo. Por \u00faltimo, un <a href=\"https:\/\/www.staging.labovick.com\/es\/west-palm-beach\/abogado-accidente-coche\/\">abogado de West Palm Beach accidente de coche<\/a> con experiencia en reclamaciones PIP puede tomar una compa\u00f1\u00eda de seguros de autom\u00f3viles a juicio en la Florida, si es necesario.<\/p>\n<h2>\u00bfC\u00f3mo funcionan las reclamaciones PIP?<\/h2>\n<p>Como proveedor de servicios sanitarios en Florida, no deber\u00eda tener que pagar por la atenci\u00f3n de un paciente sin el reembolso adecuado. Por desgracia, las compa\u00f1\u00edas de seguros de autom\u00f3viles quieren ahorrar dinero y beneficiar a sus inversores disminuyendo y denegando las reclamaciones PIP. Hay pasos que debe seguir para recuperar con \u00e9xito una indemnizaci\u00f3n a trav\u00e9s de una reclamaci\u00f3n al seguro PIP. Entre ellos se encuentran:<\/p>\n<ul>\n<li><strong>Recogida de informaci\u00f3n.<\/strong>  En el momento de la admisi\u00f3n del paciente, facilite determinados documentos para recabar la m\u00e1xima informaci\u00f3n posible. Se trata de un contrato de servicios, una carta de protecci\u00f3n y un formulario de cesi\u00f3n de prestaciones.<\/li>\n<li><strong>Env\u00ede la factura r\u00e1pidamente.<\/strong>  Ser el primero en presentar la factura a la compa\u00f1\u00eda de seguros PIP puede garantizar los beneficios de cobro. La ley de Florida concede a los hospitales un plazo de 30 d\u00edas para conservar al menos 5.000 d\u00f3lares en prestaciones del seguro. Sin embargo, este periodo de gracia no est\u00e1 previsto para los m\u00e9dicos.<\/li>\n<li><strong>Contrate a un abogado especializado en reclamaciones PIP.<\/strong>  Las compa\u00f1\u00edas de seguros de autom\u00f3viles tienen fama de disminuir los pagos. Para asegurarse de que su reclamaci\u00f3n se paga en su totalidad, contratar a un <a href=\"https:\/\/www.staging.labovick.com\/es\/west-palm-beach\/abogado-lesiones-personales\/\">abogado de lesiones personales<\/a> con experiencia en <a href=\"https:\/\/www.staging.labovick.com\/es\/west-palm-beach\/abogado-lesiones-personales\/\">West Palm Beach<\/a> PIP reclamaciones para manejar el proceso legal para usted. Un abogado utilizar\u00e1 estrategias probadas para garantizar el reembolso justo y completo de la atenci\u00f3n m\u00e9dica que usted prest\u00f3 a un paciente.<\/li>\n<\/ul>\n<p>Tiene derecho a contratar a un abogado en una fase temprana del proceso de seguro. Elija un abogado PIP de West Palm Beach con experiencia en el manejo de estas reclamaciones en Florida. Un abogado especializado en reclamaciones y cobros sabe c\u00f3mo proteger los derechos de los proveedores m\u00e9dicos que prestan ayuda a los heridos graves en accidentes de tr\u00e1fico. Podemos ayudarle a recibir el pago que necesita.<\/p>\n<h2>Consulta gratuita con un abogado de PIP en West Palm Beach, FL<\/h2>\n<p>En LaBovick Law Group, nuestros abogados de reclamaciones de protecci\u00f3n contra lesiones personales pueden ayudar a asegurar que usted no est\u00e1 mal pagados o no pagados por una compa\u00f1\u00eda de seguros de autom\u00f3viles. Ayudamos a los proveedores de servicios m\u00e9dicos en la Florida, incluyendo m\u00e9dicos, hospitales, centros de rehabilitaci\u00f3n, cl\u00ednicas y centros quir\u00fargicos en la recuperaci\u00f3n de los beneficios PIP para los servicios m\u00e9dicos prestados a las v\u00edctimas de accidentes de coche. <a href=\"https:\/\/www.staging.labovick.com\/es\/contacte-con-nosotros\/\">P\u00f3ngase en contacto con nosotros hoy<\/a> para programar una consulta gratuita.<\/p>\n","protected":false},"excerpt":{"rendered":"<p>En Florida, todos los conductores de autom\u00f3viles deben llevar un m\u00ednimo de $ 10,000 en seguro de protecci\u00f3n contra lesiones personales (PIP). Esta cobertura est\u00e1 dise\u00f1ada para reembolsar a los proveedores de servicios m\u00e9dicos la atenci\u00f3n que prestan a los conductores que sufren lesiones en accidentes, independientemente de la culpa. El seguro PIP es un [&hellip;]<\/p>\n","protected":false},"author":25,"featured_media":30600,"parent":30917,"menu_order":0,"comment_status":"closed","ping_status":"closed","template":"","meta":{"_acf_changed":false,"footnotes":""},"categories":[],"tags":[2211],"class_list":["post-30924","page","type-page","status-publish","has-post-thumbnail","hentry","tag-es-boston"],"acf":[],"_links":{"self":[{"href":"https:\/\/www.staging.labovick.com\/es\/wp-json\/wp\/v2\/pages\/30924"}],"collection":[{"href":"https:\/\/www.staging.labovick.com\/es\/wp-json\/wp\/v2\/pages"}],"about":[{"href":"https:\/\/www.staging.labovick.com\/es\/wp-json\/wp\/v2\/types\/page"}],"author":[{"embeddable":true,"href":"https:\/\/www.staging.labovick.com\/es\/wp-json\/wp\/v2\/users\/25"}],"replies":[{"embeddable":true,"href":"https:\/\/www.staging.labovick.com\/es\/wp-json\/wp\/v2\/comments?post=30924"}],"version-history":[{"count":5,"href":"https:\/\/www.staging.labovick.com\/es\/wp-json\/wp\/v2\/pages\/30924\/revisions"}],"predecessor-version":[{"id":32768,"href":"https:\/\/www.staging.labovick.com\/es\/wp-json\/wp\/v2\/pages\/30924\/revisions\/32768"}],"up":[{"embeddable":true,"href":"https:\/\/www.staging.labovick.com\/es\/wp-json\/wp\/v2\/pages\/30917"}],"wp:featuredmedia":[{"embeddable":true,"href":"https:\/\/www.staging.labovick.com\/es\/wp-json\/wp\/v2\/media\/30600"}],"wp:attachment":[{"href":"https:\/\/www.staging.labovick.com\/es\/wp-json\/wp\/v2\/media?parent=30924"}],"wp:term":[{"taxonomy":"category","embeddable":true,"href":"https:\/\/www.staging.labovick.com\/es\/wp-json\/wp\/v2\/categories?post=30924"},{"taxonomy":"post_tag","embeddable":true,"href":"https:\/\/www.staging.labovick.com\/es\/wp-json\/wp\/v2\/tags?post=30924"}],"curies":[{"name":"wp","href":"https:\/\/api.w.org\/{rel}","templated":true}]}}