{"id":30928,"date":"2022-12-30T08:32:46","date_gmt":"2022-12-30T12:32:46","guid":{"rendered":"https:\/\/www.staging.labovick.com\/boston\/abogado-accidente-moto\/"},"modified":"2024-06-26T18:21:20","modified_gmt":"2024-06-26T22:21:20","slug":"abogado-accidente-motocicleta","status":"publish","type":"page","link":"https:\/\/www.staging.labovick.com\/es\/boston\/abogado-accidente-motocicleta\/","title":{"rendered":"Abogado de accidentes de motocicleta"},"content":{"rendered":"\n<p>Las lesiones por accidente de moto pueden cambiarte la vida. Adem\u00e1s de sufrir lesiones f\u00edsicas cr\u00edticas, tambi\u00e9n puede experimentar graves traumas emocionales y cargas financieras como resultado de su accidente.<\/p>\n\n\n\n<p>Cuando se han sufrido lesiones graves en un accidente de moto, no es raro sentirse abrumado o intimidado ante la idea de acudir a los tribunales. Pero presentar una reclamaci\u00f3n a la compa\u00f1\u00eda de seguros y llevar su caso ante un juez puede ser la mejor manera de conseguir una indemnizaci\u00f3n completa por su sufrimiento.<\/p>\n\n\n\n<p>Comience su caso cuando contacte a un abogado compasivo de accidentes de motocicleta en Miami de LaBovick Law Group para obtener ayuda.<\/p>\n\n\n\n<h2 class=\"wp-block-heading\">\u00bfEs LaBovick Law Group la firma adecuada para su accidente de motocicleta en Miami?<\/h2>\n\n\n\n<p>Los pleitos por accidentes de moto ya son dif\u00edciles. La relaci\u00f3n con su abogado nunca debe ser. Con LaBovick Law Group, usted obtiene:<\/p>\n\n\n\n<ul class=\"wp-block-list\">\n<li>Guerreros de la Justicia: Proporcionamos a nuestros clientes apoyo constante y protecci\u00f3n frente a cualquiera que no tenga en cuenta sus intereses.<\/li>\n\n\n\n<li>Amplia experiencia como abogados litigantes: Tenemos m\u00e1s de 30 a\u00f1os de experiencia y 30 millones de d\u00f3lares recuperados.<\/li>\n\n\n\n<li>Comunicaci\u00f3n en la que puede confiar: No tiene por qu\u00e9 fiarse de nuestra palabra; \u00a1consulte nuestras rese\u00f1as mejor valoradas en Google!<\/li>\n<\/ul>\n\n\n\n<h2 class=\"wp-block-heading\">Como LaBovick Law Group Ayuda a Sobrevivientes de Accidentes de Motocicleta en Miami<\/h2>\n\n\n\n<p>Despu\u00e9s de su accidente de motocicleta en Miami, usted necesita un abogado compasivo y fuerte a su lado. LaBovick Law Group se encargar\u00e1 de todos los detalles de su caso, incluyendo:<\/p>\n\n\n\n<ul class=\"wp-block-list\">\n<li>Investigaci\u00f3n de accidentes de bicicleta<\/li>\n\n\n\n<li>Averiguar qui\u00e9n es el culpable<\/li>\n\n\n\n<li>Contrataci\u00f3n de peritos para analizar su caso<\/li>\n\n\n\n<li>Calcular el valor de su seguro y las reclamaciones civiles por accidente de moto<\/li>\n\n\n\n<li>Negociaci\u00f3n de seguros<\/li>\n\n\n\n<li>Protegerle para que no se aprovechen de usted<\/li>\n\n\n\n<li>Representar su caso ante los tribunales<\/li>\n<\/ul>\n\n\n\n<h2 class=\"wp-block-heading\">Lesiones comunes en accidentes de motocicleta en Miami<\/h2>\n\n\n\n<p>Muchas v\u00edctimas de accidentes de moto dudan en seguir adelante con su caso porque no est\u00e1n seguros de si sus lesiones son \u00absuficientemente graves\u00bb. Lo cierto es que no es necesariamente el tipo de lesi\u00f3n sufrida lo que determina el resultado de su caso.<\/p>\n\n\n\n<p>M\u00e1s bien, es el alcance del impacto que sus lesiones han tenido en su vida lo que determinar\u00e1 la cantidad que se le conceder\u00e1 si gana su demanda. Dicho esto, hay algunos tipos de lesiones que vemos con m\u00e1s frecuencia que otros en los accidentes de motocicleta. Algunas de ellas podr\u00edan ser:<\/p>\n\n\n\n<ul class=\"wp-block-list\">\n<li>Da\u00f1o cerebral traum\u00e1tico<\/li>\n\n\n\n<li>Lesiones medulares<\/li>\n\n\n\n<li>Lesiones de cabeza y cuello<\/li>\n\n\n\n<li>Latigazo cervical<\/li>\n\n\n\n<li>Conmoci\u00f3n cerebral<\/li>\n\n\n\n<li>P\u00e9rdida de extremidades<\/li>\n\n\n\n<li>Par\u00e1lisis<\/li>\n\n\n\n<li>Trastorno de estr\u00e9s postraum\u00e1tico (TEPT)<\/li>\n\n\n\n<li>Fallo org\u00e1nico Hemorragia interna<\/li>\n\n\n\n<li>Roturas y fracturas \u00f3seas<\/li>\n\n\n\n<li>Laceraciones que se vuelven s\u00e9pticas<\/li>\n\n\n\n<li>Otras lesiones<\/li>\n<\/ul>\n\n\n\n<p>\u00c9stas son s\u00f3lo algunas de las lesiones que vemos con m\u00e1s frecuencia en los casos que han llegado a juicio. Si usted ha sido lesionado de una manera que no estaba en la lista anterior, usted todav\u00eda puede tener motivos para una indemnizaci\u00f3n a trav\u00e9s de una demanda por accidente de motocicleta en Miami. Averig\u00fce qu\u00e9 opciones legales pueden estar disponibles para usted por sus lesiones cuando se comunique con nuestra oficina para discutir los detalles espec\u00edficos de su caso.<\/p>\n\n\n\n<h2 class=\"wp-block-heading\">Obtenga ayuda de un abogado de accidentes de motocicleta en Miami<\/h2>\n\n\n\n<p>Las lesiones por accidente de moto pueden tener un impacto debilitador en su vida. Pero usted no debe correr con los gastos cuando la culpa es de otro. Haga que asuman su responsabilidad poni\u00e9ndose en contacto con un abogado acreditado de accidentes de motocicleta de Miami en LaBovick Law Group.<\/p>\n\n\n\n<p>Rellene nuestro c\u00f3modo formulario de contacto para averiguar si tiene motivos para presentar un caso.<\/p>\n","protected":false},"excerpt":{"rendered":"<p>Las lesiones por accidente de moto pueden cambiarte la vida. Adem\u00e1s de sufrir lesiones f\u00edsicas cr\u00edticas, tambi\u00e9n puede experimentar graves traumas emocionales y cargas financieras como resultado de su accidente. Cuando se han sufrido lesiones graves en un accidente de moto, no es raro sentirse abrumado o intimidado ante la idea de acudir a los [&hellip;]<\/p>\n","protected":false},"author":25,"featured_media":30596,"parent":30917,"menu_order":0,"comment_status":"closed","ping_status":"closed","template":"","meta":{"_acf_changed":false,"footnotes":""},"categories":[],"tags":[2211],"class_list":["post-30928","page","type-page","status-publish","has-post-thumbnail","hentry","tag-es-boston"],"acf":[],"_links":{"self":[{"href":"https:\/\/www.staging.labovick.com\/es\/wp-json\/wp\/v2\/pages\/30928"}],"collection":[{"href":"https:\/\/www.staging.labovick.com\/es\/wp-json\/wp\/v2\/pages"}],"about":[{"href":"https:\/\/www.staging.labovick.com\/es\/wp-json\/wp\/v2\/types\/page"}],"author":[{"embeddable":true,"href":"https:\/\/www.staging.labovick.com\/es\/wp-json\/wp\/v2\/users\/25"}],"replies":[{"embeddable":true,"href":"https:\/\/www.staging.labovick.com\/es\/wp-json\/wp\/v2\/comments?post=30928"}],"version-history":[{"count":10,"href":"https:\/\/www.staging.labovick.com\/es\/wp-json\/wp\/v2\/pages\/30928\/revisions"}],"predecessor-version":[{"id":34003,"href":"https:\/\/www.staging.labovick.com\/es\/wp-json\/wp\/v2\/pages\/30928\/revisions\/34003"}],"up":[{"embeddable":true,"href":"https:\/\/www.staging.labovick.com\/es\/wp-json\/wp\/v2\/pages\/30917"}],"wp:featuredmedia":[{"embeddable":true,"href":"https:\/\/www.staging.labovick.com\/es\/wp-json\/wp\/v2\/media\/30596"}],"wp:attachment":[{"href":"https:\/\/www.staging.labovick.com\/es\/wp-json\/wp\/v2\/media?parent=30928"}],"wp:term":[{"taxonomy":"category","embeddable":true,"href":"https:\/\/www.staging.labovick.com\/es\/wp-json\/wp\/v2\/categories?post=30928"},{"taxonomy":"post_tag","embeddable":true,"href":"https:\/\/www.staging.labovick.com\/es\/wp-json\/wp\/v2\/tags?post=30928"}],"curies":[{"name":"wp","href":"https:\/\/api.w.org\/{rel}","templated":true}]}}