{"id":31003,"date":"2022-10-04T07:39:53","date_gmt":"2022-10-04T11:39:53","guid":{"rendered":"https:\/\/www.staging.labovick.com\/resbalon-y-caida-abogado\/"},"modified":"2024-06-26T16:45:09","modified_gmt":"2024-06-26T20:45:09","slug":"abogado-caidas-deslizones-resbalones","status":"publish","type":"page","link":"https:\/\/www.staging.labovick.com\/es\/abogado-caidas-deslizones-resbalones\/","title":{"rendered":"Abogados de resbalones y ca\u00eddas"},"content":{"rendered":"<p><strong>Los accidentes de autob\u00fas, espec\u00edficamente los accidentes de autobuses escolares, ocurren con demasiada frecuencia en todo el pa\u00eds cada d\u00eda.<\/strong>  No s\u00f3lo ocurren en el patio del colegio, sino tambi\u00e9n en las carreteras entre otros autobuses u otros veh\u00edculos de motor. Si usted ha estado involucrado en un accidente de autob\u00fas o un accidente de autob\u00fas escolar, el conductor del autob\u00fas podr\u00eda no ser la \u00fanica parte culpable. Hable con un <a href=\"https:\/\/www.staging.labovick.com\/es\/west-palm-beach\/abogado-accidente-coche\/\">abogado de accidentes de West Palm Beach<\/a> para averiguar si la ciudad o el municipio local tambi\u00e9n tiene la culpa en el accidente.<\/p>\n<p>Otra parte que puede ser considerado responsable de un accidente de autob\u00fas, espec\u00edficamente un accidente de autob\u00fas escolar, es el distrito escolar local. En algunos casos, se ha responsabilizado al sistema de transporte p\u00fablico de los accidentes ocurridos. Las lesiones que pueden causar los accidentes de autob\u00fas escolar incluyen par\u00e1lisis, p\u00e9rdida de extremidades, <a href=\"https:\/\/www.staging.labovick.com\/es\/west-palm-beach\/abogado-especializado-en-lesiones-cerebrales\/\">traumatismo cerebral<\/a>, lesiones de la m\u00e9dula espinal, <a href=\"https:\/\/medlineplus.gov\/neckinjuriesanddisorders.html\" target=\"_blank\" rel=\"noopener\">lesiones cervicales<\/a>, traumatismos graves en otras zonas del cuerpo e incluso la muerte.<\/p>\n<p>Los accidentes de autob\u00fas escolar pueden deberse a una negligencia por parte del conductor o a que los alumnos que viajan en el autob\u00fas o a su alrededor han estado haciendo el tonto o jugando, lo que en \u00faltima instancia ha provocado el accidente.<\/p>\n<p>Las estad\u00edsticas muestran que los accidentes de autobuses escolares son uno de los tipos m\u00e1s comunes de accidentes de veh\u00edculos de motor en el pa\u00eds cada a\u00f1o, con m\u00e1s de 17.000 estudiantes que visitan los hospitales cada a\u00f1o para ser tratados por las lesiones sufridas en estos accidentes.<\/p>\n<p>Los ni\u00f1os corren m\u00e1s riesgo en las paradas de autob\u00fas porque son muy peque\u00f1os y es dif\u00edcil que los conductores de autob\u00fas y otros automovilistas se fijen en ellos desde lejos.<\/p>\n<h2>RESPONSABILIDADES DEL ABOGADO DE ACCIDENTES DE AUTOB\u00daS:<\/h2>\n<ul>\n<li>El abogado hablar\u00e1 con las dos compa\u00f1\u00edas de seguros implicadas de ambas partes.<\/li>\n<li>El abogado se encargar\u00e1 de las facturas m\u00e9dicas de la v\u00edctima.<\/li>\n<li>Los investigadores contratados por el abogado tomar\u00e1n fotograf\u00edas del lugar de la colisi\u00f3n.<\/li>\n<li>Los investigadores entrevistar\u00e1n a todos los testigos del incidente.<\/li>\n<\/ul>\n<p>Espere siempre a que el autob\u00fas se detenga por completo antes de acercarse a pie, espere al autob\u00fas alejado del tr\u00e1fico y de la calle, compruebe siempre si hay otros veh\u00edculos que no se detienen al salir del autob\u00fas y todo el tr\u00e1fico est\u00e1 obligado a detenerse al menos a tres metros de un autob\u00fas escolar.<\/p>\n<p>Los <a href=\"https:\/\/www.staging.labovick.com\/es\/west-palm-beach\/abogado-lesiones-personales\/\">abogados de lesiones personales<\/a> de <a href=\"\/\">la LaBovick Law Group<\/a> puede ayudarle a obtener la compensaci\u00f3n que se merece si usted sufri\u00f3 lesiones mientras viajaba en un autob\u00fas o en un accidente automovil\u00edstico que involucr\u00f3 a un autob\u00fas. Ll\u00e1menos al (561) 655-1777 o gratis al (866) 522-6842 para discutir su caso con nuestros abogados.<\/p>\n<p>Nuestros abogados de accidentes de autob\u00fas puede servir a los que viven en toda la Florida, incluyendo el condado de Palm Beach, la Costa del Tesoro, West Palm Beach, J\u00fapiter, Boynton Beach, Stuart, Port St. Lucie, Vero Beach, Ft. Pierce, Boca Rat\u00f3n, Ft. Lauderdale, Coral Springs y Wellington.<\/p>\n","protected":false},"excerpt":{"rendered":"<p>Los accidentes de autob\u00fas, espec\u00edficamente los accidentes de autobuses escolares, ocurren con demasiada frecuencia en todo el pa\u00eds cada d\u00eda. No s\u00f3lo ocurren en el patio del colegio, sino tambi\u00e9n en las carreteras entre otros autobuses u otros veh\u00edculos de motor. Si usted ha estado involucrado en un accidente de autob\u00fas o un accidente de [&hellip;]<\/p>\n","protected":false},"author":25,"featured_media":30487,"parent":0,"menu_order":0,"comment_status":"closed","ping_status":"closed","template":"","meta":{"_acf_changed":false,"footnotes":""},"categories":[],"tags":[2213],"class_list":["post-31003","page","type-page","status-publish","has-post-thumbnail","hentry","tag-es-florida"],"acf":[],"_links":{"self":[{"href":"https:\/\/www.staging.labovick.com\/es\/wp-json\/wp\/v2\/pages\/31003"}],"collection":[{"href":"https:\/\/www.staging.labovick.com\/es\/wp-json\/wp\/v2\/pages"}],"about":[{"href":"https:\/\/www.staging.labovick.com\/es\/wp-json\/wp\/v2\/types\/page"}],"author":[{"embeddable":true,"href":"https:\/\/www.staging.labovick.com\/es\/wp-json\/wp\/v2\/users\/25"}],"replies":[{"embeddable":true,"href":"https:\/\/www.staging.labovick.com\/es\/wp-json\/wp\/v2\/comments?post=31003"}],"version-history":[{"count":15,"href":"https:\/\/www.staging.labovick.com\/es\/wp-json\/wp\/v2\/pages\/31003\/revisions"}],"predecessor-version":[{"id":32403,"href":"https:\/\/www.staging.labovick.com\/es\/wp-json\/wp\/v2\/pages\/31003\/revisions\/32403"}],"wp:featuredmedia":[{"embeddable":true,"href":"https:\/\/www.staging.labovick.com\/es\/wp-json\/wp\/v2\/media\/30487"}],"wp:attachment":[{"href":"https:\/\/www.staging.labovick.com\/es\/wp-json\/wp\/v2\/media?parent=31003"}],"wp:term":[{"taxonomy":"category","embeddable":true,"href":"https:\/\/www.staging.labovick.com\/es\/wp-json\/wp\/v2\/categories?post=31003"},{"taxonomy":"post_tag","embeddable":true,"href":"https:\/\/www.staging.labovick.com\/es\/wp-json\/wp\/v2\/tags?post=31003"}],"curies":[{"name":"wp","href":"https:\/\/api.w.org\/{rel}","templated":true}]}}