{"id":31060,"date":"2022-01-03T12:00:57","date_gmt":"2022-01-03T16:00:57","guid":{"rendered":"https:\/\/www.staging.labovick.com\/demanda-por-hernia-de-malla\/"},"modified":"2023-05-31T09:23:03","modified_gmt":"2023-05-31T13:23:03","slug":"demanda-por-hernia-de-malla","status":"publish","type":"page","link":"https:\/\/www.staging.labovick.com\/es\/demanda-por-hernia-de-malla\/","title":{"rendered":"Demanda por malla de hernia"},"content":{"rendered":"<h5>Atenci\u00f3n:<\/h5>\n<p>Si se ha sometido a una operaci\u00f3n de hernia y ha sufrido efectos secundarios graves como infecci\u00f3n, dolor cr\u00f3nico, da\u00f1os en \u00f3rganos, contracci\u00f3n de la malla o migraci\u00f3n de la malla, podr\u00eda tener derecho a una indemnizaci\u00f3n econ\u00f3mica.<\/p>\n<p>Los abogados de responsabilidad por productos defectuosos de LaBovick Law Group est\u00e1n evaluando actualmente reclamaciones relacionadas con la malla de hernia. No hay honorarios a menos que ganemos su caso. Podemos averiguar qu\u00e9 tipo de dispositivo se utiliz\u00f3 en su intervenci\u00f3n quir\u00fargica. Ll\u00e1menos al <strong>(800) 715-6146<\/strong> para una evaluaci\u00f3n gratuita de su caso.<\/p>\n<h2>Malla de hernia<\/h2>\n<h3>\u00bfQu\u00e9 son las hernias?<\/h3>\n<p>Las hernias se producen cuando un \u00f3rgano interno empuja o aprieta a la fuerza a trav\u00e9s de una zona d\u00e9bil del m\u00fasculo y el tejido conjuntivo circundante. Suelen producirse en la cavidad abdominal, entre el t\u00f3rax y las caderas.<\/p>\n<h3>\u00bfQu\u00e9 es una malla de hernia y de qu\u00e9 est\u00e1 hecha?<\/h3>\n<p>Las mallas de hernia fabricadas con materiales sint\u00e9ticos se pueden encontrar en forma de malla tejida o de l\u00e1mina no tejida. Los materiales sint\u00e9ticos utilizados pueden ser absorbibles, no absorbibles o una combinaci\u00f3n de materiales absorbibles y no absorbibles.<\/p>\n<h3>Posibles complicaciones de la malla de hernia<\/h3>\n<ul>\n<li>Dolor cr\u00f3nico o intermitente<\/li>\n<li>Perforaciones intestinales<\/li>\n<li>Necesidad de revisi\u00f3n quir\u00fargica<\/li>\n<li>Infecci\u00f3n<\/li>\n<li>Da\u00f1os resultantes en \u00f3rganos cercanos<\/li>\n<li>Encogimiento de la malla<\/li>\n<li>Recidiva de hernia<\/li>\n<li>Adhesi\u00f3n tisular<\/li>\n<li>Obstrucci\u00f3n intestinal<\/li>\n<li>Migraci\u00f3n o movimiento de la malla<\/li>\n<\/ul>\n<h3>\u00bfQui\u00e9n fabrica las mallas para hernias?<\/h3>\n<ul>\n<li>Atrium Medical<\/li>\n<li>Braun Melsungen, AG<\/li>\n<li>R. Bard<\/li>\n<li>Ethicon<\/li>\n<li>Gore Medical<\/li>\n<li>Corporaci\u00f3n LifeCell<\/li>\n<li>Medtronic<\/li>\n<\/ul>\n<h3>Reclamaci\u00f3n judicial masiva<\/h3>\n<p>Los demandantes perjudicados presentan demandas masivas contra los fabricantes de mallas de hernia bas\u00e1ndose en la teor\u00eda de la responsabilidad civil por productos defectuosos.<\/p>\n<p>Para que prevalezca la teor\u00eda de la responsabilidad por productos defectuosos, debe haber un defecto en la fabricaci\u00f3n o el dise\u00f1o del producto, o las advertencias del producto deben ser inadecuadas o incompletas. Adem\u00e1s, el producto defectuoso debe ser la causa pr\u00f3xima de las lesiones y da\u00f1os del usuario.<\/p>\n<h3>\u00bfCu\u00e1ndo hablar con un abogado especialista en mallas de hernia?<\/h3>\n<p>Un abogado experto en mallas de hernia puede ayudar a una v\u00edctima lesionada a determinar si su malla caus\u00f3 sus complicaciones posquir\u00fargicas. Si ha sufrido efectos secundarios graves como consecuencia de una malla defectuosa, el fabricante puede ser declarado responsable de cubrir las facturas del paciente y otros da\u00f1os. Su abogado especializado en mallas podr\u00eda ayudarle a demandar al fabricante de dispositivos m\u00e9dicos correspondiente por las p\u00e9rdidas econ\u00f3micas sufridas.<\/p>\n<p>Los tipos m\u00e1s comunes de compensaci\u00f3n potencial disponible con la ayuda de un abogado de malla de hernia incluyen:<\/p>\n<ul>\n<li>Angustia emocional<\/li>\n<li>Facturas m\u00e9dicas<\/li>\n<li>P\u00e9rdida de un ser querido<\/li>\n<li>Dolor y sufrimiento<\/li>\n<li>Discapacidad<\/li>\n<li>P\u00e9rdida de ingresos<\/li>\n<\/ul>\n<p>Si no est\u00e1 seguro de c\u00f3mo obtener la compensaci\u00f3n que le corresponde, programe una consulta gratuita y sin compromiso con un respetado abogado especializado en mallas de hernia de <a href=\"\/\">LaBovick Law Group<\/a>. Cuando est\u00e9 listo para comenzar con su caso, complete nuestro formulario de contacto en l\u00ednea o llame a nuestra oficina al <strong>(800) 715-6146<\/strong>.<\/p>\n","protected":false},"excerpt":{"rendered":"<p>Atenci\u00f3n: Si se ha sometido a una operaci\u00f3n de hernia y ha sufrido efectos secundarios graves como infecci\u00f3n, dolor cr\u00f3nico, da\u00f1os en \u00f3rganos, contracci\u00f3n de la malla o migraci\u00f3n de la malla, podr\u00eda tener derecho a una indemnizaci\u00f3n econ\u00f3mica. Los abogados de responsabilidad por productos defectuosos de LaBovick Law Group est\u00e1n evaluando actualmente reclamaciones relacionadas [&hellip;]<\/p>\n","protected":false},"author":25,"featured_media":0,"parent":0,"menu_order":0,"comment_status":"closed","ping_status":"closed","template":"","meta":{"_acf_changed":false,"footnotes":""},"categories":[],"tags":[],"class_list":["post-31060","page","type-page","status-publish","hentry"],"acf":[],"_links":{"self":[{"href":"https:\/\/www.staging.labovick.com\/es\/wp-json\/wp\/v2\/pages\/31060"}],"collection":[{"href":"https:\/\/www.staging.labovick.com\/es\/wp-json\/wp\/v2\/pages"}],"about":[{"href":"https:\/\/www.staging.labovick.com\/es\/wp-json\/wp\/v2\/types\/page"}],"author":[{"embeddable":true,"href":"https:\/\/www.staging.labovick.com\/es\/wp-json\/wp\/v2\/users\/25"}],"replies":[{"embeddable":true,"href":"https:\/\/www.staging.labovick.com\/es\/wp-json\/wp\/v2\/comments?post=31060"}],"version-history":[{"count":1,"href":"https:\/\/www.staging.labovick.com\/es\/wp-json\/wp\/v2\/pages\/31060\/revisions"}],"predecessor-version":[{"id":32477,"href":"https:\/\/www.staging.labovick.com\/es\/wp-json\/wp\/v2\/pages\/31060\/revisions\/32477"}],"wp:attachment":[{"href":"https:\/\/www.staging.labovick.com\/es\/wp-json\/wp\/v2\/media?parent=31060"}],"wp:term":[{"taxonomy":"category","embeddable":true,"href":"https:\/\/www.staging.labovick.com\/es\/wp-json\/wp\/v2\/categories?post=31060"},{"taxonomy":"post_tag","embeddable":true,"href":"https:\/\/www.staging.labovick.com\/es\/wp-json\/wp\/v2\/tags?post=31060"}],"curies":[{"name":"wp","href":"https:\/\/api.w.org\/{rel}","templated":true}]}}