{"id":31142,"date":"2021-10-26T17:09:24","date_gmt":"2021-10-26T21:09:24","guid":{"rendered":"https:\/\/www.staging.labovick.com\/abogado-de-danos-personales-en-port-st-lucie\/"},"modified":"2023-07-03T12:03:23","modified_gmt":"2023-07-03T16:03:23","slug":"abogado-lesiones-personales-en-port-st-lucie","status":"publish","type":"page","link":"https:\/\/www.staging.labovick.com\/es\/abogado-lesiones-personales-en-port-st-lucie\/","title":{"rendered":"Abogado de Lesiones Personales en Port St. Lucie"},"content":{"rendered":"<p>Despu\u00e9s de un accidente grave, cuando est\u00e1s tratando de reconstruir tu vida, es \u00fatil tener a alguien a tu lado que pueda ayudarte a averiguar los pr\u00f3ximos pasos. Un abogado con experiencia puede trabajar contigo para garantizar que la parte responsable de tu lesi\u00f3n rinda cuentas por sus acciones negligentes o descuidadas. Pero obtener la indemnizaci\u00f3n que corresponde puede ser m\u00e1s dif\u00edcil de lo que piensas. Lucie en LaBovick Law Group est\u00e1 aqu\u00ed a su lado listo para ayudarle a trav\u00e9s de estos tiempos dif\u00edciles.<\/p>\n<h2>C\u00f3mo saber si LaBovick Law Group es adecuado para ti<\/h2>\n<p>Cuando est\u00e9s pensando a qui\u00e9n elegir como abogado, ten en cuenta lo que le ofrece cada bufete. Esto es lo que obtendr\u00e1s elijas cuando elijas a los experimentados abogados de LaBovick Law Group:<\/p>\n<ul>\n<li>Somos Guerreros de la justicia. Esto significa que luchamos para ganar y no tenemos miedo de luchar contra adversarios si eso es lo que hace falta para protegerte a ti y a su familia.<\/li>\n<li>Apoyo y consuelo en los momentos m\u00e1s dif\u00edciles de tu vida.<\/li>\n<li>Somos abogados de lesiones personales que tienen m\u00e1s de 30 a\u00f1os de experiencia. Hemos recuperado m\u00e1s de $ 30 millones en acuerdos y veredictos para nuestros clientes.<\/li>\n<li>Comunicaci\u00f3n puntual con la que puedes contar.<\/li>\n<\/ul>\n<h2>Lo qu\u00e9 debes esperar de nuestros abogados en tu caso<\/h2>\n<p>\u00bfTienes curiosidad por saber c\u00f3mo se tramitan las solicitudes?<\/p>\n<p>Cuando LaBovick Law Group toma su caso, usted puede esperar:<\/p>\n<ul>\n<li>Una revisi\u00f3n del accidente<\/li>\n<li>Determinaci\u00f3n del fallo<\/li>\n<li>Contrataci\u00f3n de expertos para analizar su caso<\/li>\n<li>Calcular el valor de tu demanda<\/li>\n<li>Gestionar el proceso de negociaci\u00f3n con el seguro<\/li>\n<li>Protegerte para que la compa\u00f1\u00eda de seguros no se aproveche de ti<\/li>\n<li>Luchar por la indemnizaci\u00f3n que mereces en el juicio<\/li>\n<\/ul>\n<h2>Cu\u00e1ndo debes llamar a un abogado de lesiones personales en Port St. Lucie<\/h2>\n<p>Si estaba tumbado en la cama del hospital pregunt\u00e1ndote cu\u00e1les deber\u00edan ser tus pr\u00f3ximos pasos, no est\u00e1 solo. No es habitual que las v\u00edctimas de lesiones se sientan confusas, asustadas, agotadas e inseguras de c\u00f3mo proceder con su caso. Muchos ni siquiera piensan en acudir a un abogado hasta que han sufrido p\u00e9rdidas astron\u00f3micas.<\/p>\n<p>Pero cuando la negligencia o mala conducta de otra persona te provoca una enfermedad o lesiones considerables, o te cambia la vida dr\u00e1sticamente para peor, puedes tener derecho a exigirle responsabilidades ante un tribunal civil. Algunos de los tipos m\u00e1s comunes de casos de lesiones personales que hemos visto en Port St. Lucie incluyen:<\/p>\n<ul>\n<li>Accidentes de camiones comerciales<\/li>\n<li>Accidentes de tr\u00e1fico<\/li>\n<li><a href=\"https:\/\/www.staging.labovick.com\/es\/west-palm-beach\/abogado-accidente-motocicleta\/\">Accidentes de moto<\/a><\/li>\n<li>Accidentes de bicicleta<\/li>\n<li><a href=\"https:\/\/www.staging.labovick.com\/es\/west-palm-beach\/abogado-accidente-peaton\/\">Lesiones por accidentes de peatones<\/a><\/li>\n<li>Accidentes de autob\u00fas<\/li>\n<li>Lesiones laborales<\/li>\n<li>Negligencia m\u00e9dica<\/li>\n<li><a href=\"https:\/\/www.staging.labovick.com\/es\/west-palm-beach\/abogado-responsabilidad-civil\/\">Demandas por responsabilidad civil<\/a><\/li>\n<li>Mordeduras de perro<\/li>\n<li>Demandas por responsabilidad civil por productos defectuosos<\/li>\n<\/ul>\n<p>Por supuesto, estos son s\u00f3lo algunos de los diferentes tipos de accidentes e incidentes que pueden justificar la interposici\u00f3n de una demanda civil. Si est\u00e1s interesado en aprender m\u00e1s acerca de qu\u00e9 opciones legales pueden estar disponibles para ti despu\u00e9s de haber sufrido una lesi\u00f3n grave a manos de otro, ponte en contacto con LaBovick Abogados para programar una consulta gratuita hoy mismo.<\/p>\n<h2>Obten ayuda de un abogado de lesiones personales de Port St. Lucie<\/h2>\n<p>El proceso de reclamaci\u00f3n de da\u00f1os personales puede ser complejo. Pero cuando tienes un abogado de lesiones personales en Port St. Lucie que te represente, puedes estar m\u00e1s tranquilo. <a href=\"https:\/\/www.staging.labovick.com\/es\/\">LaBovick Law Group<\/a> trabajar\u00e1 incansablemente para defender tu derecho y obtener la m\u00e1xima compensaci\u00f3n.<\/p>\n<p>Averig\u00fca cu\u00e1nto podr\u00eda valer tu caso cuando programes una evaluaci\u00f3n gratuita y sin compromiso con un <a href=\"https:\/\/www.staging.labovick.com\/es\/west-palm-beach\/abogado-lesiones-personales\/\">abogado especializado en lesiones<\/a>. Puedes reclamar tu cita a trav\u00e9s de nuestro c\u00f3modo formulario de contacto o por tel\u00e9fono llamando al (561) 623-3681.<\/p>\n","protected":false},"excerpt":{"rendered":"<p>Despu\u00e9s de un accidente grave, cuando est\u00e1s tratando de reconstruir tu vida, es \u00fatil tener a alguien a tu lado que pueda ayudarte a averiguar los pr\u00f3ximos pasos. Un abogado con experiencia puede trabajar contigo para garantizar que la parte responsable de tu lesi\u00f3n rinda cuentas por sus acciones negligentes o descuidadas. Pero obtener la [&hellip;]<\/p>\n","protected":false},"author":25,"featured_media":0,"parent":0,"menu_order":0,"comment_status":"closed","ping_status":"closed","template":"","meta":{"_acf_changed":false,"footnotes":""},"categories":[],"tags":[],"class_list":["post-31142","page","type-page","status-publish","hentry"],"acf":[],"_links":{"self":[{"href":"https:\/\/www.staging.labovick.com\/es\/wp-json\/wp\/v2\/pages\/31142"}],"collection":[{"href":"https:\/\/www.staging.labovick.com\/es\/wp-json\/wp\/v2\/pages"}],"about":[{"href":"https:\/\/www.staging.labovick.com\/es\/wp-json\/wp\/v2\/types\/page"}],"author":[{"embeddable":true,"href":"https:\/\/www.staging.labovick.com\/es\/wp-json\/wp\/v2\/users\/25"}],"replies":[{"embeddable":true,"href":"https:\/\/www.staging.labovick.com\/es\/wp-json\/wp\/v2\/comments?post=31142"}],"version-history":[{"count":6,"href":"https:\/\/www.staging.labovick.com\/es\/wp-json\/wp\/v2\/pages\/31142\/revisions"}],"predecessor-version":[{"id":33194,"href":"https:\/\/www.staging.labovick.com\/es\/wp-json\/wp\/v2\/pages\/31142\/revisions\/33194"}],"wp:attachment":[{"href":"https:\/\/www.staging.labovick.com\/es\/wp-json\/wp\/v2\/media?parent=31142"}],"wp:term":[{"taxonomy":"category","embeddable":true,"href":"https:\/\/www.staging.labovick.com\/es\/wp-json\/wp\/v2\/categories?post=31142"},{"taxonomy":"post_tag","embeddable":true,"href":"https:\/\/www.staging.labovick.com\/es\/wp-json\/wp\/v2\/tags?post=31142"}],"curies":[{"name":"wp","href":"https:\/\/api.w.org\/{rel}","templated":true}]}}