{"id":31153,"date":"2021-04-16T13:49:56","date_gmt":"2021-04-16T17:49:56","guid":{"rendered":"https:\/\/www.staging.labovick.com\/no-un-buen-vecino\/"},"modified":"2023-05-31T09:23:37","modified_gmt":"2023-05-31T13:23:37","slug":"no-un-buen-vecino","status":"publish","type":"page","link":"https:\/\/www.staging.labovick.com\/es\/no-un-buen-vecino\/","title":{"rendered":"No es un buen vecino"},"content":{"rendered":"<p><img fetchpriority=\"high\" decoding=\"async\" class=\"size-medium wp-image-18039 aligncenter\" src=\"\/wp-content\/uploads\/2021\/04\/not_a_good_neighbor-bestseller-300x245.jpg\" alt=\"\" width=\"300\" height=\"245\" title=\"\" srcset=\"https:\/\/www.staging.labovick.com\/wp-content\/uploads\/2021\/04\/not_a_good_neighbor-bestseller-300x245.jpg 300w, https:\/\/www.staging.labovick.com\/wp-content\/uploads\/2021\/04\/not_a_good_neighbor-bestseller-768x626.jpg 768w, https:\/\/www.staging.labovick.com\/wp-content\/uploads\/2021\/04\/not_a_good_neighbor-bestseller.jpg 1024w\" sizes=\"(max-width: 300px) 100vw, 300px\" \/><\/p>\n<script type=\"text\/javascript\">var gform;gform||(document.addEventListener(\"gform_main_scripts_loaded\",function(){gform.scriptsLoaded=!0}),window.addEventListener(\"DOMContentLoaded\",function(){gform.domLoaded=!0}),gform={domLoaded:!1,scriptsLoaded:!1,initializeOnLoaded:function(o){gform.domLoaded&&gform.scriptsLoaded?o():!gform.domLoaded&&gform.scriptsLoaded?window.addEventListener(\"DOMContentLoaded\",o):document.addEventListener(\"gform_main_scripts_loaded\",o)},hooks:{action:{},filter:{}},addAction:function(o,n,r,t){gform.addHook(\"action\",o,n,r,t)},addFilter:function(o,n,r,t){gform.addHook(\"filter\",o,n,r,t)},doAction:function(o){gform.doHook(\"action\",o,arguments)},applyFilters:function(o){return gform.doHook(\"filter\",o,arguments)},removeAction:function(o,n){gform.removeHook(\"action\",o,n)},removeFilter:function(o,n,r){gform.removeHook(\"filter\",o,n,r)},addHook:function(o,n,r,t,i){null==gform.hooks[o][n]&&(gform.hooks[o][n]=[]);var e=gform.hooks[o][n];null==i&&(i=n+\"_\"+e.length),gform.hooks[o][n].push({tag:i,callable:r,priority:t=null==t?10:t})},doHook:function(n,o,r){var t;if(r=Array.prototype.slice.call(r,1),null!=gform.hooks[n][o]&&((o=gform.hooks[n][o]).sort(function(o,n){return o.priority-n.priority}),o.forEach(function(o){\"function\"!=typeof(t=o.callable)&&(t=window[t]),\"action\"==n?t.apply(null,r):r[0]=t.apply(null,r)})),\"filter\"==n)return r[0]},removeHook:function(o,n,t,i){var r;null!=gform.hooks[o][n]&&(r=(r=gform.hooks[o][n]).filter(function(o,n,r){return!!(null!=i&&i!=o.tag||null!=t&&t!=o.priority)}),gform.hooks[o][n]=r)}});<\/script>\n                <div class='gf_browser_gecko gform_wrapper gform_legacy_markup_wrapper gform-theme--no-framework' data-form-theme='legacy' data-form-index='0' id='gform_wrapper_9' ><div id='gf_9' class='gform_anchor' tabindex='-1'><\/div>\n                        <div class='gform_heading'>\n                            <h3 class=\"gform_title\">Formulario<\/h3>\n                            <p class='gform_description'>Si desea m\u00e1s informaci\u00f3n sobre nuestro libro, p\u00f3ngase en contacto con nosotros<\/p>\n                        <\/div><form method='post' enctype='multipart\/form-data' target='gform_ajax_frame_9' id='gform_9'  action='\/es\/wp-json\/wp\/v2\/pages\/31153\/#gf_9' data-formid='9' novalidate>\n                        <div class='gform-body gform_body'><ul id='gform_fields_9' class='gform_fields top_label form_sublabel_below description_below validation_below'><li id=\"field_9_1\" class=\"gfield gfield--type-text gfield_contains_required field_sublabel_below gfield--no-description field_description_below field_validation_below gfield_visibility_visible\"  data-js-reload=\"field_9_1\" ><label class='gfield_label gform-field-label' for='input_9_1'>Nombre<span class=\"gfield_required\"><span class=\"gfield_required gfield_required_asterisk\">*<\/span><\/span><\/label><div class='ginput_container ginput_container_text'><input name='input_1' id='input_9_1' type='text' value='' class='medium'    placeholder='Nombre' aria-required=\"true\" aria-invalid=\"false\"   \/> <\/div><\/li><li id=\"field_9_2\" class=\"gfield gfield--type-text gfield_contains_required field_sublabel_below gfield--no-description field_description_below field_validation_below gfield_visibility_visible\"  data-js-reload=\"field_9_2\" ><label class='gfield_label gform-field-label' for='input_9_2'>Apellido<span class=\"gfield_required\"><span class=\"gfield_required gfield_required_asterisk\">*<\/span><\/span><\/label><div class='ginput_container ginput_container_text'><input name='input_2' id='input_9_2' type='text' value='' class='medium'    placeholder='Apellido' aria-required=\"true\" aria-invalid=\"false\"   \/> <\/div><\/li><li id=\"field_9_3\" class=\"gfield gfield--type-text gfield_contains_required field_sublabel_below gfield--no-description field_description_below field_validation_below gfield_visibility_visible\"  data-js-reload=\"field_9_3\" ><label class='gfield_label gform-field-label' for='input_9_3'>Env\u00ede un correo electr\u00f3nico a<span class=\"gfield_required\"><span class=\"gfield_required gfield_required_asterisk\">*<\/span><\/span><\/label><div class='ginput_container ginput_container_text'><input name='input_3' id='input_9_3' type='text' value='' class='medium'    placeholder='Env\u00ede un correo electr\u00f3nico a' aria-required=\"true\" aria-invalid=\"false\"   \/> <\/div><\/li><li id=\"field_9_4\" class=\"gfield gfield--type-text gfield_contains_required field_sublabel_below gfield--no-description field_description_below field_validation_below gfield_visibility_visible\"  data-js-reload=\"field_9_4\" ><label class='gfield_label gform-field-label' for='input_9_4'>N\u00famero de tel\u00e9fono<span class=\"gfield_required\"><span class=\"gfield_required gfield_required_asterisk\">*<\/span><\/span><\/label><div class='ginput_container ginput_container_text'><input name='input_4' id='input_9_4' type='text' value='' class='medium'    placeholder='N\u00famero de tel\u00e9fono' aria-required=\"true\" aria-invalid=\"false\"   \/> <\/div><\/li><li id=\"field_9_5\" class=\"gfield gfield--type-textarea gfield_contains_required field_sublabel_below gfield--no-description field_description_below field_validation_below gfield_visibility_visible\"  data-js-reload=\"field_9_5\" ><label class='gfield_label gform-field-label' for='input_9_5'>\u00bfEn qu\u00e9 podemos ayudarle?<span class=\"gfield_required\"><span class=\"gfield_required gfield_required_asterisk\">*<\/span><\/span><\/label><div class='ginput_container ginput_container_textarea'><textarea name='input_5' id='input_9_5' class='textarea medium'    placeholder='\u00bfEn qu\u00e9 podemos ayudarle?' aria-required=\"true\" aria-invalid=\"false\"   rows='10' cols='50'><\/textarea><\/div><\/li><li id=\"field_9_6\" class=\"gfield gfield--type-hidden gform_hidden field_sublabel_below gfield--no-description field_description_below field_validation_below gfield_visibility_visible\"  data-js-reload=\"field_9_6\" ><div class='ginput_container ginput_container_text'><input name='input_6' id='input_9_6' type='hidden' class='gform_hidden'  aria-invalid=\"false\" value='Env\u00ede un correo electr\u00f3nico a' \/><\/div><\/li><li id=\"field_9_13\" class=\"gfield gfield--type-hidden gfield--width-full gform_hidden field_sublabel_below gfield--no-description field_description_below field_validation_below gfield_visibility_visible\"  data-js-reload=\"field_9_13\" ><div class='ginput_container ginput_container_text'><input name='input_13' id='input_9_13' type='hidden' class='gform_hidden'  aria-invalid=\"false\" value='{onepoint21_utm_campaign}' \/><\/div><\/li><li id=\"field_9_12\" class=\"gfield gfield--type-hidden gfield--width-full gform_hidden field_sublabel_below gfield--no-description field_description_below field_validation_below gfield_visibility_visible\"  data-js-reload=\"field_9_12\" ><div class='ginput_container ginput_container_text'><input name='input_12' id='input_9_12' type='hidden' class='gform_hidden'  aria-invalid=\"false\" value='{onepoint21_utm_source}' \/><\/div><\/li><li id=\"field_9_11\" class=\"gfield gfield--type-hidden gfield--width-full gform_hidden field_sublabel_below gfield--no-description field_description_below field_validation_below gfield_visibility_visible\"  data-js-reload=\"field_9_11\" ><div class='ginput_container ginput_container_text'><input name='input_11' id='input_9_11' type='hidden' class='gform_hidden'  aria-invalid=\"false\" value='{onepoint21_utm_medium}' \/><\/div><\/li><li id=\"field_9_10\" class=\"gfield gfield--type-hidden gfield--width-full gform_hidden field_sublabel_below gfield--no-description field_description_below field_validation_below gfield_visibility_visible\"  data-js-reload=\"field_9_10\" ><div class='ginput_container ginput_container_text'><input name='input_10' id='input_9_10' type='hidden' class='gform_hidden'  aria-invalid=\"false\" value='https:\/\/www.staging.labovick.com\/es\/wp-json\/wp\/v2\/pages\/31153\/' \/><\/div><\/li><li id=\"field_9_9\" class=\"gfield gfield--type-hidden gfield--width-full gform_hidden field_sublabel_below gfield--no-description field_description_below field_validation_below gfield_visibility_visible\"  data-js-reload=\"field_9_9\" ><div class='ginput_container ginput_container_text'><input name='input_9' id='input_9_9' type='hidden' class='gform_hidden'  aria-invalid=\"false\" value='{onepoint21_referred}' \/><\/div><\/li><li id=\"field_9_8\" class=\"gfield gfield--type-hidden gfield--width-full gform_hidden field_sublabel_below gfield--no-description field_description_below field_validation_below gfield_visibility_visible\"  data-js-reload=\"field_9_8\" ><div class='ginput_container ginput_container_text'><input name='input_8' id='input_9_8' type='hidden' class='gform_hidden'  aria-invalid=\"false\" value='{onepoint21_referer}' \/><\/div><\/li><li id=\"field_9_7\" class=\"gfield gfield--type-hidden gfield--width-full gform_hidden field_sublabel_below gfield--no-description field_description_below field_validation_below gfield_visibility_visible\"  data-js-reload=\"field_9_7\" ><div class='ginput_container ginput_container_text'><input name='input_7' id='input_9_7' type='hidden' class='gform_hidden'  aria-invalid=\"false\" value='https:\/\/www.staging.labovick.com\/es\/wp-json\/wp\/v2\/pages\/31153' \/><\/div><\/li><li id=\"field_9_14\" class=\"gfield gfield--type-honeypot gform_validation_container field_sublabel_below gfield--has-description field_description_below field_validation_below gfield_visibility_visible\"  data-js-reload=\"field_9_14\" ><label class='gfield_label gform-field-label' for='input_9_14'>Comentarios<\/label><div class='ginput_container'><input name='input_14' id='input_9_14' type='text' value='' autocomplete='new-password'\/><\/div><div class='gfield_description' id='gfield_description_9_14'>Este campo tiene fines de validaci\u00f3n y no debe modificarse.<\/div><\/li><li id=\"field_9_15\" class=\"gfield gfield--type-hidden gform_hidden field_sublabel_below gfield--no-description field_description_below field_validation_below gfield_visibility_hidden\"  data-js-reload=\"field_9_15\" ><div class='ginput_container ginput_container_text'><input name='input_15' id='input_9_15' type='hidden' class='gform_hidden'  aria-invalid=\"false\" value='Mozilla\/5.0 AppleWebKit\/537.36 (KHTML, like Gecko; compatible; ClaudeBot\/1.0; +claudebot@anthropic.com)' \/><\/div><\/li><li id=\"field_9_16\" class=\"gfield gfield--type-honeypot gform_validation_container field_sublabel_below gfield--has-description field_description_below field_validation_below gfield_visibility_visible\"  data-js-reload=\"field_9_16\" ><label class='gfield_label gform-field-label' for='input_9_16'>Phone<\/label><div class='ginput_container'><input name='input_16' id='input_9_16' type='text' value='' autocomplete='new-password'\/><\/div><div class='gfield_description' id='gfield_description_9_16'>Este campo es un campo de validaci\u00f3n y debe quedar sin cambios.<\/div><\/li><\/ul><\/div>\n        <div class='gform_footer top_label'> <input type='submit' id='gform_submit_button_9' class='gform_button button' value='Enviar'  onclick='if(window[\"gf_submitting_9\"]){return false;}  if( !jQuery(\"#gform_9\")[0].checkValidity || jQuery(\"#gform_9\")[0].checkValidity()){window[\"gf_submitting_9\"]=true;}  ' onkeypress='if( event.keyCode == 13 ){ if(window[\"gf_submitting_9\"]){return false;} if( !jQuery(\"#gform_9\")[0].checkValidity || jQuery(\"#gform_9\")[0].checkValidity()){window[\"gf_submitting_9\"]=true;}  jQuery(\"#gform_9\").trigger(\"submit\",[true]); }' \/> <input type='hidden' name='gform_ajax' value='form_id=9&amp;title=1&amp;description=1&amp;tabindex=0&amp;theme=legacy' \/>\n            <input type='hidden' class='gform_hidden' name='is_submit_9' value='1' \/>\n            <input type='hidden' class='gform_hidden' name='gform_submit' value='9' \/>\n            \n            <input type='hidden' class='gform_hidden' name='gform_unique_id' value='' \/>\n            <input type='hidden' class='gform_hidden' name='state_9' value='WyJbXSIsImM5OGMzZWUwZDNlYWNlYWNkOGNhZTUyYjFmNGVlNDFjIl0=' \/>\n            <input type='hidden' class='gform_hidden' name='gform_target_page_number_9' id='gform_target_page_number_9' value='0' \/>\n            <input type='hidden' class='gform_hidden' name='gform_source_page_number_9' id='gform_source_page_number_9' value='1' \/>\n            <input type='hidden' name='gform_field_values' value='' \/>\n            \n        <\/div>\n                        <p style=\"display: none !important;\" class=\"akismet-fields-container\" data-prefix=\"ak_\"><label>&#916;<textarea name=\"ak_hp_textarea\" cols=\"45\" rows=\"8\" maxlength=\"100\"><\/textarea><\/label><input type=\"hidden\" id=\"ak_js_1\" name=\"ak_js\" value=\"159\"\/><script>document.getElementById( \"ak_js_1\" ).setAttribute( \"value\", ( new Date() ).getTime() );<\/script><\/p><\/form>\n                        <\/div>\n\t\t                <iframe style='display:none;width:0px;height:0px;' src='about:blank' name='gform_ajax_frame_9' id='gform_ajax_frame_9' title='Este iframe contiene la l\u00f3gica necesaria para gestionar formularios con ajax activado.'><\/iframe>\n\t\t                <script>\ngform.initializeOnLoaded( function() {gformInitSpinner( 9, 'https:\/\/www.staging.labovick.com\/wp-content\/plugins\/gravityforms\/images\/spinner.svg', true );jQuery('#gform_ajax_frame_9').on('load',function(){var contents = jQuery(this).contents().find('*').html();var is_postback = contents.indexOf('GF_AJAX_POSTBACK') >= 0;if(!is_postback){return;}var form_content = jQuery(this).contents().find('#gform_wrapper_9');var is_confirmation = jQuery(this).contents().find('#gform_confirmation_wrapper_9').length > 0;var is_redirect = contents.indexOf('gformRedirect(){') >= 0;var is_form = form_content.length > 0 && ! is_redirect && ! is_confirmation;var mt = parseInt(jQuery('html').css('margin-top'), 10) + parseInt(jQuery('body').css('margin-top'), 10) + 100;if(is_form){jQuery('#gform_wrapper_9').html(form_content.html());if(form_content.hasClass('gform_validation_error')){jQuery('#gform_wrapper_9').addClass('gform_validation_error');} else {jQuery('#gform_wrapper_9').removeClass('gform_validation_error');}setTimeout( function() { \/* delay the scroll by 50 milliseconds to fix a bug in chrome *\/ jQuery(document).scrollTop(jQuery('#gform_wrapper_9').offset().top - mt); }, 50 );if(window['gformInitDatepicker']) {gformInitDatepicker();}if(window['gformInitPriceFields']) {gformInitPriceFields();}var current_page = jQuery('#gform_source_page_number_9').val();gformInitSpinner( 9, 'https:\/\/www.staging.labovick.com\/wp-content\/plugins\/gravityforms\/images\/spinner.svg', true );jQuery(document).trigger('gform_page_loaded', [9, current_page]);window['gf_submitting_9'] = false;}else if(!is_redirect){var confirmation_content = jQuery(this).contents().find('.GF_AJAX_POSTBACK').html();if(!confirmation_content){confirmation_content = contents;}jQuery('#gform_wrapper_9').replaceWith(confirmation_content);jQuery(document).scrollTop(jQuery('#gf_9').offset().top - mt);jQuery(document).trigger('gform_confirmation_loaded', [9]);window['gf_submitting_9'] = false;wp.a11y.speak(jQuery('#gform_confirmation_message_9').text());}else{jQuery('#gform_9').append(contents);if(window['gformRedirect']) {gformRedirect();}}jQuery(document).trigger(\"gform_pre_post_render\", [{ formId: \"9\", currentPage: \"current_page\", abort: function() { this.preventDefault(); } }]);                if (event && event.defaultPrevented) {                return;         }        const gformWrapperDiv = document.getElementById( \"gform_wrapper_9\" );        if ( gformWrapperDiv ) {            const visibilitySpan = document.createElement( \"span\" );            visibilitySpan.id = \"gform_visibility_test_9\";            gformWrapperDiv.insertAdjacentElement( \"afterend\", visibilitySpan );        }        const visibilityTestDiv = document.getElementById( \"gform_visibility_test_9\" );        let postRenderFired = false;                function triggerPostRender() {            if ( postRenderFired ) {                return;            }            postRenderFired = true;            jQuery( document ).trigger( 'gform_post_render', [9, current_page] );            gform.utils.trigger( { event: 'gform\/postRender', native: false, data: { formId: 9, currentPage: current_page } } );            if ( visibilityTestDiv ) {                visibilityTestDiv.parentNode.removeChild( visibilityTestDiv );            }        }        function debounce( func, wait, immediate ) {            var timeout;            return function() {                var context = this, args = arguments;                var later = function() {                    timeout = null;                    if ( !immediate ) func.apply( context, args );                };                var callNow = immediate && !timeout;                clearTimeout( timeout );                timeout = setTimeout( later, wait );                if ( callNow ) func.apply( context, args );            };        }        const debouncedTriggerPostRender = debounce( function() {            triggerPostRender();        }, 200 );        if ( visibilityTestDiv && visibilityTestDiv.offsetParent === null ) {            const observer = new MutationObserver( ( mutations ) => {                mutations.forEach( ( mutation ) => {                    if ( mutation.type === 'attributes' && visibilityTestDiv.offsetParent !== null ) {                        debouncedTriggerPostRender();                        observer.disconnect();                    }                });            });            observer.observe( document.body, {                attributes: true,                childList: false,                subtree: true,                attributeFilter: [ 'style', 'class' ],            });        } else {            triggerPostRender();        }    } );} );\n<\/script>\n\n<h2 style=\"text-align: center;\">Compre <a href=\"https:\/\/www.amazon.com\/Not-Good-Neighbor-Insurance-Settling-ebook\/dp\/B08XYK7DHR\/ref=sr_1_1?crid=WIKDPOAALVGQ&amp;dchild=1&amp;keywords=not+a+good+neighbor+brian+labovick&amp;qid=1618609917&amp;sprefix=not+a+good+neighb%2Caps%2C219&amp;sr=8-1\" target=\"_blank\" rel=\"noopener\">aqu\u00ed<\/a> nuestro best-seller \u00abNo es un buen vecino\u00bb.<\/h2>\n","protected":false},"excerpt":{"rendered":"<p>Compre aqu\u00ed nuestro best-seller \u00abNo es un buen vecino\u00bb.<\/p>\n","protected":false},"author":25,"featured_media":0,"parent":0,"menu_order":0,"comment_status":"closed","ping_status":"closed","template":"","meta":{"_acf_changed":false,"footnotes":""},"categories":[],"tags":[],"class_list":["post-31153","page","type-page","status-publish","hentry"],"acf":[],"_links":{"self":[{"href":"https:\/\/www.staging.labovick.com\/es\/wp-json\/wp\/v2\/pages\/31153"}],"collection":[{"href":"https:\/\/www.staging.labovick.com\/es\/wp-json\/wp\/v2\/pages"}],"about":[{"href":"https:\/\/www.staging.labovick.com\/es\/wp-json\/wp\/v2\/types\/page"}],"author":[{"embeddable":true,"href":"https:\/\/www.staging.labovick.com\/es\/wp-json\/wp\/v2\/users\/25"}],"replies":[{"embeddable":true,"href":"https:\/\/www.staging.labovick.com\/es\/wp-json\/wp\/v2\/comments?post=31153"}],"version-history":[{"count":1,"href":"https:\/\/www.staging.labovick.com\/es\/wp-json\/wp\/v2\/pages\/31153\/revisions"}],"predecessor-version":[{"id":32424,"href":"https:\/\/www.staging.labovick.com\/es\/wp-json\/wp\/v2\/pages\/31153\/revisions\/32424"}],"wp:attachment":[{"href":"https:\/\/www.staging.labovick.com\/es\/wp-json\/wp\/v2\/media?parent=31153"}],"wp:term":[{"taxonomy":"category","embeddable":true,"href":"https:\/\/www.staging.labovick.com\/es\/wp-json\/wp\/v2\/categories?post=31153"},{"taxonomy":"post_tag","embeddable":true,"href":"https:\/\/www.staging.labovick.com\/es\/wp-json\/wp\/v2\/tags?post=31153"}],"curies":[{"name":"wp","href":"https:\/\/api.w.org\/{rel}","templated":true}]}}