{"id":31161,"date":"2021-04-06T08:46:15","date_gmt":"2021-04-06T12:46:15","guid":{"rendered":"https:\/\/www.staging.labovick.com\/familia-de-guerreros\/"},"modified":"2024-06-26T18:51:55","modified_gmt":"2024-06-26T22:51:55","slug":"familia-de-guerreros","status":"publish","type":"page","link":"https:\/\/www.staging.labovick.com\/es\/familia-de-guerreros\/","title":{"rendered":"Familia de guerreros"},"content":{"rendered":"<p><img decoding=\"async\" class=\"alignleft wp-image-17812 \" src=\"https:\/\/www.staging.labovick.com\/wp-content\/uploads\/2021\/04\/family_logo-1-300x293.png\" alt=\"\" width=\"180\" height=\"176\" title=\"\" srcset=\"https:\/\/www.staging.labovick.com\/wp-content\/uploads\/2021\/04\/family_logo-1-300x293.png 300w, https:\/\/www.staging.labovick.com\/wp-content\/uploads\/2021\/04\/family_logo-1-768x751.png 768w, https:\/\/www.staging.labovick.com\/wp-content\/uploads\/2021\/04\/family_logo-1.png 904w\" sizes=\"(max-width: 180px) 100vw, 180px\" \/><\/p>\n<h2>Por qu\u00e9 Familia de Guerreros<\/h2>\n<p><span style=\"font-weight: 400;\">\u200b\u200bSi conoces a Brian y Esther, sabes que la familia es su prioridad n\u00famero uno. Ellos valoran mucho a su familia y han construido su empresa en base a esos mismos valores. Cuando hablas con los miembros del equipo de LaBovick Abogados, destacan que el aspecto m\u00e1s importante de la firma es que todos son tratados como si fueran de la familia. Y esto se traduce en el trato que reciben todas las personas a las que representamos.<\/span><\/p>\n<p><span style=\"font-weight: 400;\">Las relaciones de referencia son una gran parte del \u00e9xito de nuestra empresa, y por eso tratamos a todos y cada uno como un miembro de nuestra familia. Cuando t\u00fa nos refieres un caso, no solo te conviertes en nuestro socio de referencia, sino que tambi\u00e9n pasas a formar parte de nuestra Familia de Guerreros. Hemos dise\u00f1ado este programa para que t\u00fa, como miembro de nuestra Familia de Guerreros, sepas lo mucho que apreciamos que conf\u00edes en nosotros para recomendarnos casos.<\/span><\/p>\n<p><span style=\"font-weight: 400;\">El programa de Familia de Guerreros, incluye una tecnolog\u00eda excepcional con <\/span><i><span style=\"font-weight: 400;\">Litify Referral Network<\/span><\/i><span style=\"font-weight: 400;\">, un programa de regalos para agradecerte a lo largo del a\u00f1o, y una excelente comunicaci\u00f3n para mantenerte al tanto de todo a trav\u00e9s del newsletters y de nuestras redes sociales.<\/span><\/p>\n<figure id=\"attachment_30139\" aria-describedby=\"caption-attachment-30139\" style=\"width: 2560px\" class=\"wp-caption alignleft\"><img fetchpriority=\"high\" decoding=\"async\" class=\"resize-thumbnail wp-image-18453 size-full\" src=\"https:\/\/www.staging.labovick.com\/wp-content\/uploads\/2021\/05\/By-Carlos-Aristizabal-CAR04821-VF-scaled.jpg\" alt=\"\" width=\"2560\" height=\"1707\" title=\"\" srcset=\"https:\/\/www.staging.labovick.com\/wp-content\/uploads\/2021\/05\/By-Carlos-Aristizabal-CAR04821-VF-scaled.jpg 2560w, https:\/\/www.staging.labovick.com\/wp-content\/uploads\/2021\/05\/By-Carlos-Aristizabal-CAR04821-VF-300x200.jpg 300w, https:\/\/www.staging.labovick.com\/wp-content\/uploads\/2021\/05\/By-Carlos-Aristizabal-CAR04821-VF-1024x683.jpg 1024w, https:\/\/www.staging.labovick.com\/wp-content\/uploads\/2021\/05\/By-Carlos-Aristizabal-CAR04821-VF-768x512.jpg 768w, https:\/\/www.staging.labovick.com\/wp-content\/uploads\/2021\/05\/By-Carlos-Aristizabal-CAR04821-VF-1536x1024.jpg 1536w, https:\/\/www.staging.labovick.com\/wp-content\/uploads\/2021\/05\/By-Carlos-Aristizabal-CAR04821-VF-2048x1365.jpg 2048w\" sizes=\"(max-width: 2560px) 100vw, 2560px\" \/><figcaption id=\"caption-attachment-30139\" class=\"wp-caption-text\">Equipo de abogados de la Familia de Guerreros<\/figcaption><\/figure>\n<p>Vea nuestro folleto completo <a href=\"https:\/\/www.staging.labovick.com\/wp-content\/uploads\/2021\/05\/FoW-Brochure-LOWresfinal.pdf\" target=\"_blank\" rel=\"noopener\">aqu\u00ed.<\/a><\/p>\n","protected":false},"excerpt":{"rendered":"<p>Por qu\u00e9 Familia de Guerreros \u200b\u200bSi conoces a Brian y Esther, sabes que la familia es su prioridad n\u00famero uno. Ellos valoran mucho a su familia y han construido su empresa en base a esos mismos valores. Cuando hablas con los miembros del equipo de LaBovick Abogados, destacan que el aspecto m\u00e1s importante de la [&hellip;]<\/p>\n","protected":false},"author":25,"featured_media":0,"parent":0,"menu_order":0,"comment_status":"closed","ping_status":"closed","template":"","meta":{"_acf_changed":false,"footnotes":""},"categories":[],"tags":[],"class_list":["post-31161","page","type-page","status-publish","hentry"],"acf":[],"_links":{"self":[{"href":"https:\/\/www.staging.labovick.com\/es\/wp-json\/wp\/v2\/pages\/31161"}],"collection":[{"href":"https:\/\/www.staging.labovick.com\/es\/wp-json\/wp\/v2\/pages"}],"about":[{"href":"https:\/\/www.staging.labovick.com\/es\/wp-json\/wp\/v2\/types\/page"}],"author":[{"embeddable":true,"href":"https:\/\/www.staging.labovick.com\/es\/wp-json\/wp\/v2\/users\/25"}],"replies":[{"embeddable":true,"href":"https:\/\/www.staging.labovick.com\/es\/wp-json\/wp\/v2\/comments?post=31161"}],"version-history":[{"count":5,"href":"https:\/\/www.staging.labovick.com\/es\/wp-json\/wp\/v2\/pages\/31161\/revisions"}],"predecessor-version":[{"id":37914,"href":"https:\/\/www.staging.labovick.com\/es\/wp-json\/wp\/v2\/pages\/31161\/revisions\/37914"}],"wp:attachment":[{"href":"https:\/\/www.staging.labovick.com\/es\/wp-json\/wp\/v2\/media?parent=31161"}],"wp:term":[{"taxonomy":"category","embeddable":true,"href":"https:\/\/www.staging.labovick.com\/es\/wp-json\/wp\/v2\/categories?post=31161"},{"taxonomy":"post_tag","embeddable":true,"href":"https:\/\/www.staging.labovick.com\/es\/wp-json\/wp\/v2\/tags?post=31161"}],"curies":[{"name":"wp","href":"https:\/\/api.w.org\/{rel}","templated":true}]}}