{"id":31167,"date":"2021-04-05T14:10:00","date_gmt":"2021-04-05T18:10:00","guid":{"rendered":"https:\/\/www.staging.labovick.com\/formas-libres\/"},"modified":"2023-05-31T09:23:03","modified_gmt":"2023-05-31T13:23:03","slug":"formas-libres","status":"publish","type":"page","link":"https:\/\/www.staging.labovick.com\/es\/formas-libres\/","title":{"rendered":"Descargar recursos jur\u00eddicos gratuitos"},"content":{"rendered":"<h2><img fetchpriority=\"high\" decoding=\"async\" class=\"alignleft size-medium wp-image-18408\" src=\"\/wp-content\/uploads\/2021\/05\/not_a_good_neighbor-bestseller-768x626-1-300x245.jpg\" alt=\"no es un buen vecino bestseller\" width=\"300\" height=\"245\" title=\"\" srcset=\"https:\/\/www.staging.labovick.com\/wp-content\/uploads\/2021\/05\/not_a_good_neighbor-bestseller-768x626-1-300x245.jpg 300w, https:\/\/www.staging.labovick.com\/wp-content\/uploads\/2021\/05\/not_a_good_neighbor-bestseller-768x626-1.jpg 768w\" sizes=\"(max-width: 300px) 100vw, 300px\" \/>APRENDE A CONVERTIRTE EN UN GUERRERO DE LA JUSTICIA.<\/h2>\n<p id=\"yui_3_17_2_1_1620754333728_208\" class=\"\">Es tarde. Est\u00e1s cansado. Despu\u00e9s de un largo d\u00eda, lo \u00fanico que quieres es llegar a casa a tiempo para cenar. Al entrar en un cruce, un cami\u00f3n se salta a toda velocidad una se\u00f1al de stop y choca contra el lado del copiloto. En cuesti\u00f3n de segundos, todos los planes cambian, todos los proyectos se retrasan y todas las preocupaciones que ten\u00edas antes de este momento se ven ensombrecidas por un futuro incierto.<\/p>\n<p class=\"\">Tras horas en el hospital y un coche destrozado a la espera de las reparaciones aprobadas por el seguro, est\u00e1s atrapado. Est\u00e1s loco. Y empiezas a pensar que nunca te recuperar\u00e1s, en m\u00e1s de un sentido.<\/p>\n<h3>EN &#8216;NO ES UN BUEN VECINO&#8217;, EL ABOGADO DE LESIONES BRIAN LABOVICK LE MUESTRA C\u00d3MO NAVEGAR POR EL PAPELEO Y LOS ESCOLLOS DE UN CASO DE ACCIDENTE DE AUTOM\u00d3VIL.<\/h3>\n<p class=\"\">Brian comparte historias de casi tres d\u00e9cadas de pr\u00e1ctica para ayudarle a maximizar los beneficios en este proceso a menudo complicado. Conozca los entresijos del seguro de accidentes de tr\u00e1fico y las formas de aumentar su indemnizaci\u00f3n con las estrategias que necesita para conseguir el dinero que se merece. En el mundo actual, el seguro por s\u00ed solo no puede protegerle. Aprende a protegerte y a luchar por la justicia para no volver a ser una v\u00edctima. Adquiera el exitoso libro de Brian \u00abNot a Good Neighbor\u00bb <a href=\"https:\/\/www.amazon.com\/Not-Good-Neighbor-Insurance-Settling-ebook\/dp\/B08XYK7DHR\/ref=sr_1_1?crid=WIKDPOAALVGQ&amp;dchild=1&amp;keywords=not+a+good+neighbor+brian+labovick&amp;qid=1618609917&amp;sprefix=not+a+good+neighb%2Caps%2C219&amp;sr=8-1\" target=\"_blank\" rel=\"noopener\">aqu\u00ed<\/a>.<\/p>\n<p>Prep\u00e1rese con toda la informaci\u00f3n y las herramientas necesarias para documentar un accidente. Guarde copias de cada documento en su departamento de guantes.<\/p>\n<ul>\n<li>GUARDE UNA COPIA DE ESTA LISTA DE COMPROBACI\u00d3N EN LA GUANTERA DE SU COCHE, JUNTO CON LA MATR\u00cdCULA DEL VEH\u00cdCULO Y LOS DATOS DE LA P\u00d3LIZA DE SEGURO<\/li>\n<\/ul>\n<p style=\"padding-left: 80px;\"><a href=\"https:\/\/drive.google.com\/file\/d\/1JDFGrO7kjCVs2zYpyebvT4hvqYtJYpry\/view?usp=sharing\" target=\"_blank\" rel=\"noopener noreferrer\">ANEXO A<\/a><\/p>\n<ul>\n<li>FASE PRECONTENCIOSA<\/li>\n<\/ul>\n<p style=\"padding-left: 80px;\"><a href=\"https:\/\/drive.google.com\/file\/d\/1DL0U-7KjqkCBJP0gF44ChMAVrImSfxER\/view?usp=sharing\" target=\"_blank\" rel=\"noopener noreferrer\">ANEXO B<\/a><\/p>\n<ul>\n<li>CARTA DE DENUNCIA POLICIAL<\/li>\n<\/ul>\n<p style=\"padding-left: 80px;\"><a href=\"https:\/\/drive.google.com\/file\/d\/1mZMFRLcqO1HeVnOUgwXP4J_h1OtQPmDh\/view?usp=sharing\" target=\"_blank\" rel=\"noopener noreferrer\">ANEXO C<\/a><\/p>\n<ul>\n<li>CARTA DE INFORMACI\u00d3N SOBRE SEGUROS<\/li>\n<\/ul>\n<p style=\"padding-left: 80px;\"><a href=\"https:\/\/drive.google.com\/file\/d\/1YLEVDck3yJKH6EU_EqchimovLhG0rs7d\/view?usp=sharing\" target=\"_blank\" rel=\"noopener noreferrer\">ANEXO D<\/a><\/p>\n<ul>\n<li>CARTA DE TESTIGOS Y CUESTIONARIO<\/li>\n<\/ul>\n<p style=\"padding-left: 80px;\"><a href=\"https:\/\/drive.google.com\/file\/d\/1n3HAPcHpVidb-sdpC3uYbxwdqiSxYjdO\/view?usp=sharing\" target=\"_blank\" rel=\"noopener noreferrer\">ANEXO E<\/a><\/p>\n<ul>\n<li>CARTA DE SUBROGACI\u00d3N DE SEGURO M\u00c9DICO\/SANITARIO<\/li>\n<\/ul>\n<p style=\"padding-left: 80px;\"><a href=\"https:\/\/drive.google.com\/file\/d\/1CN_-DsSRuIi4adKdDhjjBx6J8djRd2r_\/view?usp=sharing\" target=\"_blank\" rel=\"noopener noreferrer\">ANEXO F<\/a><\/p>\n<ul>\n<li>LISTA DE COMPROBACI\u00d3N DE LESIONES CEREBRALES TRAUM\u00c1TICAS<\/li>\n<\/ul>\n<p style=\"padding-left: 80px;\"><a href=\"https:\/\/drive.google.com\/file\/d\/1rXZaUUassl9YHUwpsr_SpRFFbxNqLnxw\/view?usp=sharing\" target=\"_blank\" rel=\"noopener noreferrer\">ANEXO G<\/a><\/p>\n<ul>\n<li>CARTA DE RECLAMACI\u00d3N DE BI O UM\/UIM<\/li>\n<\/ul>\n<p style=\"padding-left: 80px;\"><a href=\"https:\/\/drive.google.com\/file\/d\/1pc6erPoUjCkoWJZ_9VgjvQAtgOsct0iB\/view?usp=sharing\" target=\"_blank\" rel=\"noopener noreferrer\">ANEXO H<\/a><\/p>\n","protected":false},"excerpt":{"rendered":"<p>APRENDE A CONVERTIRTE EN UN GUERRERO DE LA JUSTICIA. Es tarde. Est\u00e1s cansado. Despu\u00e9s de un largo d\u00eda, lo \u00fanico que quieres es llegar a casa a tiempo para cenar. Al entrar en un cruce, un cami\u00f3n se salta a toda velocidad una se\u00f1al de stop y choca contra el lado del copiloto. En cuesti\u00f3n [&hellip;]<\/p>\n","protected":false},"author":25,"featured_media":0,"parent":0,"menu_order":0,"comment_status":"closed","ping_status":"closed","template":"","meta":{"_acf_changed":false,"footnotes":""},"categories":[],"tags":[],"class_list":["post-31167","page","type-page","status-publish","hentry"],"acf":[],"_links":{"self":[{"href":"https:\/\/www.staging.labovick.com\/es\/wp-json\/wp\/v2\/pages\/31167"}],"collection":[{"href":"https:\/\/www.staging.labovick.com\/es\/wp-json\/wp\/v2\/pages"}],"about":[{"href":"https:\/\/www.staging.labovick.com\/es\/wp-json\/wp\/v2\/types\/page"}],"author":[{"embeddable":true,"href":"https:\/\/www.staging.labovick.com\/es\/wp-json\/wp\/v2\/users\/25"}],"replies":[{"embeddable":true,"href":"https:\/\/www.staging.labovick.com\/es\/wp-json\/wp\/v2\/comments?post=31167"}],"version-history":[{"count":2,"href":"https:\/\/www.staging.labovick.com\/es\/wp-json\/wp\/v2\/pages\/31167\/revisions"}],"predecessor-version":[{"id":32497,"href":"https:\/\/www.staging.labovick.com\/es\/wp-json\/wp\/v2\/pages\/31167\/revisions\/32497"}],"wp:attachment":[{"href":"https:\/\/www.staging.labovick.com\/es\/wp-json\/wp\/v2\/media?parent=31167"}],"wp:term":[{"taxonomy":"category","embeddable":true,"href":"https:\/\/www.staging.labovick.com\/es\/wp-json\/wp\/v2\/categories?post=31167"},{"taxonomy":"post_tag","embeddable":true,"href":"https:\/\/www.staging.labovick.com\/es\/wp-json\/wp\/v2\/tags?post=31167"}],"curies":[{"name":"wp","href":"https:\/\/api.w.org\/{rel}","templated":true}]}}