{"id":31183,"date":"2021-04-12T08:37:58","date_gmt":"2021-04-12T12:37:58","guid":{"rendered":"https:\/\/www.staging.labovick.com\/familia-amigos-referentes\/"},"modified":"2024-05-17T19:09:01","modified_gmt":"2024-05-17T23:09:01","slug":"familia-amigos-referentes","status":"publish","type":"page","link":"https:\/\/www.staging.labovick.com\/es\/familia-amigos-referentes\/","title":{"rendered":"Recomendar a amigos y familiares"},"content":{"rendered":"<h2>\u00bfPor qu\u00e9 recomendarnos a tus amigos y familiares?<\/h2>\n<p>En LaBovick Law Group, realmente nos preocupamos por nuestros clientes. Nuestra pr\u00e1ctica se basa en ayudar a la gente a resolver situaciones dif\u00edciles y a veces tr\u00e1gicas y queremos que sepas que como parte de nuestra Familia de Guerreros, las personas que nos conf\u00edes ser\u00e1n tratadas como si tambi\u00e9n fueran parte de nuestra familia. Los amigos y familiares que nos recomiendes nunca ser\u00e1n un simple n\u00famero o un expediente en nuestro bufete. Se convierten en parte de nuestra familia. Y luchamos por ellos, como lo har\u00edamos por nuestra familia.<\/p>\n<p>Estar\u00e1s en buenas manos con nuestra Directora de Marketing de Referencia, Natalie Eisen. No dudes en ponerse en contacto con ella si tiene alguna pregunta, comentario o duda sobre sus referencias. Puede ponerse en contacto con Natalie en el 561-625-8324 o en <a href=\"mailto:NEisen@staging.labovick.com\">NEisen@staging.labovick.com<\/a>.<\/p>\n","protected":false},"excerpt":{"rendered":"<p>\u00bfPor qu\u00e9 recomendarnos a tus amigos y familiares? En LaBovick Law Group, realmente nos preocupamos por nuestros clientes. Nuestra pr\u00e1ctica se basa en ayudar a la gente a resolver situaciones dif\u00edciles y a veces tr\u00e1gicas y queremos que sepas que como parte de nuestra Familia de Guerreros, las personas que nos conf\u00edes ser\u00e1n tratadas como [&hellip;]<\/p>\n","protected":false},"author":25,"featured_media":0,"parent":0,"menu_order":0,"comment_status":"closed","ping_status":"closed","template":"","meta":{"_acf_changed":false,"footnotes":""},"categories":[],"tags":[],"class_list":["post-31183","page","type-page","status-publish","hentry"],"acf":[],"_links":{"self":[{"href":"https:\/\/www.staging.labovick.com\/es\/wp-json\/wp\/v2\/pages\/31183"}],"collection":[{"href":"https:\/\/www.staging.labovick.com\/es\/wp-json\/wp\/v2\/pages"}],"about":[{"href":"https:\/\/www.staging.labovick.com\/es\/wp-json\/wp\/v2\/types\/page"}],"author":[{"embeddable":true,"href":"https:\/\/www.staging.labovick.com\/es\/wp-json\/wp\/v2\/users\/25"}],"replies":[{"embeddable":true,"href":"https:\/\/www.staging.labovick.com\/es\/wp-json\/wp\/v2\/comments?post=31183"}],"version-history":[{"count":3,"href":"https:\/\/www.staging.labovick.com\/es\/wp-json\/wp\/v2\/pages\/31183\/revisions"}],"predecessor-version":[{"id":32496,"href":"https:\/\/www.staging.labovick.com\/es\/wp-json\/wp\/v2\/pages\/31183\/revisions\/32496"}],"wp:attachment":[{"href":"https:\/\/www.staging.labovick.com\/es\/wp-json\/wp\/v2\/media?parent=31183"}],"wp:term":[{"taxonomy":"category","embeddable":true,"href":"https:\/\/www.staging.labovick.com\/es\/wp-json\/wp\/v2\/categories?post=31183"},{"taxonomy":"post_tag","embeddable":true,"href":"https:\/\/www.staging.labovick.com\/es\/wp-json\/wp\/v2\/tags?post=31183"}],"curies":[{"name":"wp","href":"https:\/\/api.w.org\/{rel}","templated":true}]}}