{"id":31200,"date":"2020-03-24T11:40:05","date_gmt":"2020-03-24T15:40:05","guid":{"rendered":"https:\/\/www.staging.labovick.com\/politica-de-privacidad\/"},"modified":"2023-05-31T09:24:14","modified_gmt":"2023-05-31T13:24:14","slug":"politica-de-privacidad","status":"publish","type":"page","link":"https:\/\/www.staging.labovick.com\/es\/politica-de-privacidad\/","title":{"rendered":"Pol\u00edtica de privacidad"},"content":{"rendered":"<p>LaBovick Law Group reconoce y respeta su privacidad. Queremos que aproveche al m\u00e1ximo este sitio web y que se sienta seguro al hacerlo. A continuaci\u00f3n se describen las pr\u00e1cticas de recopilaci\u00f3n, uso y divulgaci\u00f3n de informaci\u00f3n de este dominio. Esta pol\u00edtica no aborda la informaci\u00f3n obtenida fuera de l\u00ednea.<br \/>\nLaBovick Law Group trabaja diligentemente para garantizar que ha tomado todas las medidas administrativas y t\u00e9cnicas apropiadas para evitar el uso no autorizado o ilegal de su informaci\u00f3n de identificaci\u00f3n personal, y para evitar cualquier p\u00e9rdida accidental o destrucci\u00f3n de, o da\u00f1o a, dicha informaci\u00f3n. LaBovick Law Group no vender\u00e1 ni divulgar\u00e1 informaci\u00f3n personal identificable sobre usted a terceros no afiliados, excepto de conformidad con esta \u00abPol\u00edtica de privacidad\u00bb.<\/p>\n<h2>Recogida de informaci\u00f3n<\/h2>\n<ul>\n<li>El sitio web de LaBovick Law Group recopila cierta informaci\u00f3n sobre los visitantes, incluso cuando no han iniciado sesi\u00f3n. LaBovick Law Group puede registrar su direcci\u00f3n IP, las URL de los sitios web y las p\u00e1ginas que visita (antes, durante y despu\u00e9s de su visita al sitio web de LaBovick Law Group), las horas y fechas de dichas visitas, informaci\u00f3n sobre el hardware del ordenador y el software que utiliza y otra informaci\u00f3n que pueda estar disponible. Adem\u00e1s, LaBovick Law Group puede colocar \u00abcookies\u00bb en su ordenador para reconocerle cuando vuelva a visitarnos y permitir a LaBovick Law Group mejorar su experiencia de navegaci\u00f3n, as\u00ed como recopilar informaci\u00f3n adicional sobre usted. Usted puede ajustar la configuraci\u00f3n de su navegador o utilizar otros medios para evitar que se coloquen cookies en su ordenador, pero hacerlo puede dar lugar a una funcionalidad reducida y a una experiencia de navegaci\u00f3n menos personalizada.<\/li>\n<li>LaBovick Law Group puede pedirle que proporcione cierta informaci\u00f3n adicional sobre usted, incluido su nombre, informaci\u00f3n de contacto, la organizaci\u00f3n de la que procede y otra informaci\u00f3n que LaBovick Law Group puede utilizar para identificarle. Si decide no proporcionar dicha informaci\u00f3n, es posible que no se le permita acceder a determinadas funciones, contenidos o servicios del sitio web de la empresa.<\/li>\n<\/ul>\n<h2>Uso de la informaci\u00f3n<\/h2>\n<p>Si usted proporciona a LaBovick Law Group Informaci\u00f3n Personal, LaBovick Law Group s\u00f3lo la utilizar\u00e1 para los fines descritos en el lugar donde se recoge o para agregar datos de una manera que no le identifique, y LaBovick Law Group no vender\u00e1, licenciar\u00e1, transmitir\u00e1 o revelar\u00e1 esta informaci\u00f3n fuera de LaBovick Law Group o sus afiliados a menos que (1) usted autorice expresamente a LaBovick Law Group o a un afiliado a hacerlo, (2) sea necesario para permitir que LaBovick Law Group y sus proveedores de servicios o agentes de confianza de sus afiliados presten servicios para LaBovick Law Group , (3) con el fin de proporcionarle los Servicios de LaBovick Law Group o de un afiliado, (4) se divulga a entidades que realizan servicios de marketing o agregaci\u00f3n de datos en nombre de LaBovick Law Group o sus afiliados, o con las que LaBovick Law Group o un afiliado tiene acuerdos de marketing conjunto, (5) es necesario en relaci\u00f3n con una venta de todos o sustancialmente todos los activos de LaBovick Law Group o un afiliado o la fusi\u00f3n de LaBovick Law Group o un afiliado en otra entidad o cualquier consolidaci\u00f3n, intercambio de acciones, combinaci\u00f3n, reorganizaci\u00f3n o transacci\u00f3n similar en la que LaBovick Law Group o dicha filial no sea la superviviente, o (6) de otro modo, ya que LaBovick Law Group o una filial est\u00e1 obligada o autorizada a hacerlo por alguna o todas las razones siguientes: (i) por ley; (ii) para cumplir con procesos legales o responder a solicitudes de autoridades gubernamentales o p\u00fablicas; (iii) para prevenir, investigar, detectar o perseguir delitos o ataques a la integridad t\u00e9cnica del Sitio Web o de nuestra red; y\/o (iv) para proteger los derechos, la privacidad, la propiedad, el negocio o la seguridad de LaBovick Law Group y sus afiliados, sus socios y empleados, los usuarios de los Sitios o el p\u00fablico.<\/p>\n<h3>LaBovick Law Group tambi\u00e9n puede utilizar la informaci\u00f3n personal de las siguientes maneras:<\/h3>\n<p><strong>Comunicaciones administrativas.<\/strong>  Podemos enviarle informaci\u00f3n administrativa importante o de otro tipo relativa a los Servicios o al Sitio Web. Dado que esta informaci\u00f3n puede ser importante para usted, no puede \u00aboptar por no recibir\u00bb estas comunicaciones.<\/p>\n<h3>Responder a sus peticiones<\/h3>\n<p>Tratamos la informaci\u00f3n personal para atender sus solicitudes, responder a sus preguntas y enviarle los boletines o publicaciones que solicite. Si se pone en contacto con nosotros por correo electr\u00f3nico a trav\u00e9s del sitio web, podemos conservar un registro de su informaci\u00f3n de contacto y correspondencia, y utilizarlo para responderle.<\/p>\n<h3>Otras comunicaciones<\/h3>\n<p>Podemos utilizar su Informaci\u00f3n Personal para enviarle nuestras actualizaciones legales y correos relacionados con LaBovick Law Group o seminarios, anuncios de servicio p\u00fablico o eventos que pensamos que pueden ser de su inter\u00e9s, de acuerdo con la ley aplicable. Si no desea seguir recibiendo este tipo de correos de nuestra parte, consulte el p\u00e1rrafo siguiente, titulado \u00abC\u00f3mo ponerse en contacto con nosotros\u00bb. Tenga en cuenta que algunos de estos correos pueden ser facilitados por nuestras filiales.<\/p>\n<h3>Fines empresariales internos<\/h3>\n<p>Tambi\u00e9n podemos utilizar sus Datos Personales para nuestros fines empresariales internos, como an\u00e1lisis de datos, auditor\u00edas y otros fines similares.<\/p>\n<h3>Servicios<\/h3>\n<p>Adem\u00e1s de los fines mencionados anteriormente, podemos utilizar los Datos Personales con el fin de prestar servicios jur\u00eddicos y afines (\u00abServicios\u00bb) en caso de que se establezca una relaci\u00f3n abogado-cliente con usted.<\/p>\n<h3>Enlaces<\/h3>\n<p>El sitio web contiene enlaces a otros sitios web que son propiedad y est\u00e1n gestionados por terceros. No somos responsables de las pr\u00e1cticas de privacidad de otros sitios web ni de la recopilaci\u00f3n o el uso de su Informaci\u00f3n personal o Informaci\u00f3n an\u00f3nima en sitios de terceros. Le recomendamos que lea las declaraciones de privacidad de cualquier sitio de terceros que visite. Esta Pol\u00edtica de Privacidad se aplica \u00fanicamente a la informaci\u00f3n recogida por este sitio web. Por lo tanto, declinamos toda responsabilidad por el uso que terceros hagan de su Informaci\u00f3n Personal o Informaci\u00f3n An\u00f3nima obtenida a trav\u00e9s del uso de un sitio web de terceros.<\/p>\n<h3>Transferencias de informaci\u00f3n<\/h3>\n<p>De vez en cuando, LaBovick Law Group puede revelar informaci\u00f3n sobre usted a proveedores de servicios cuidadosamente seleccionados que LaBovick Law Group puede contratar para alojar el sitio web de la empresa o para proporcionar otros servicios. LaBovick Law Group exigir\u00e1 a todos estos proveedores de servicios que utilicen la informaci\u00f3n \u00fanicamente para prestar los servicios especificados y que, por lo dem\u00e1s, cumplan los requisitos de esta Pol\u00edtica de privacidad. Salvo lo dispuesto en esta Pol\u00edtica de Privacidad, LaBovick Law Group no proporcionar\u00e1 su informaci\u00f3n a terceros para ning\u00fan otro prop\u00f3sito, incluyendo la comercializaci\u00f3n.<\/p>\n<h3>Comunicaciones por correo electr\u00f3nico<\/h3>\n<p>Cuando nos env\u00eda un correo electr\u00f3nico, se est\u00e1 comunicando con nosotros electr\u00f3nicamente. De este modo, usted da su consentimiento para recibir nuestras comunicaciones por v\u00eda electr\u00f3nica. Nos comunicaremos con usted por correo electr\u00f3nico o publicando avisos en el sitio web. Todos los acuerdos, avisos, divulgaciones y otras comunicaciones que le proporcionemos electr\u00f3nicamente satisfacen cualquier requisito legal de que dichas comunicaciones se realicen por escrito.<\/p>\n<h3>Servicios adicionales<\/h3>\n<p>Ocasionalmente, LaBovick Law Group puede ofrecer servicios adicionales a trav\u00e9s del sitio web de LaBovick Law Group. En algunos casos, los servicios adicionales pueden estar sujetos a condiciones de uso alternativas (identificadas por LaBovick Law Group), y su uso de cualquiera de estos servicios constituir\u00e1 su aceptaci\u00f3n de dichas condiciones de uso alternativas. A menos que se indique lo contrario, dichos t\u00e9rminos de uso alternativos se aplicar\u00e1n para complementar este Acuerdo y, en el contexto de cualquier t\u00e9rmino contradictorio, este Acuerdo regir\u00e1 con respecto a los sitios web, el contenido y los servicios de LaBovick Law Group, exceptuando s\u00f3lo aquellos servicios que est\u00e9n expresamente cubiertos, y s\u00f3lo en la medida en que est\u00e9n expresamente cubiertos, por dichos t\u00e9rminos alternativos.<\/p>\n<h3>La informaci\u00f3n enviada a trav\u00e9s del sitio web no es segura<\/h3>\n<p>Cualquier informaci\u00f3n enviada a LaBovick Law Group por correo electr\u00f3nico de Internet o a trav\u00e9s del Sitio Web no es segura y se hace de forma no confidencial. Cualquier informaci\u00f3n que env\u00ede a LaBovick Law Group a trav\u00e9s de Internet, ya sea a trav\u00e9s del sitio web de LaBovick Law Group o por correo electr\u00f3nico, se hace bajo su propia responsabilidad.<\/p>\n<h3>El env\u00edo de informaci\u00f3n no crea una relaci\u00f3n abogado-cliente<\/h3>\n<p>La transmisi\u00f3n de informaci\u00f3n desde este sitio web no crea una relaci\u00f3n abogado-cliente entre usted y LaBovick Law Group, ni pretende hacerlo. La transmisi\u00f3n del sitio web, en parte o en su totalidad, y\/o cualquier comunicaci\u00f3n con nosotros por correo electr\u00f3nico a trav\u00e9s de este sitio no constituye ni crea una relaci\u00f3n abogado-cliente entre nosotros y los destinatarios.<\/p>\n<h3>Cancelar suscripci\u00f3n<\/h3>\n<p>Los usuarios que deseen darse de baja deben responder a cualquier comunicaci\u00f3n comercial con el asunto \u00abdarse de baja\u00bb.<\/p>\n","protected":false},"excerpt":{"rendered":"<p>LaBovick Law Group reconoce y respeta su privacidad. Queremos que aproveche al m\u00e1ximo este sitio web y que se sienta seguro al hacerlo. A continuaci\u00f3n se describen las pr\u00e1cticas de recopilaci\u00f3n, uso y divulgaci\u00f3n de informaci\u00f3n de este dominio. Esta pol\u00edtica no aborda la informaci\u00f3n obtenida fuera de l\u00ednea. LaBovick Law Group trabaja diligentemente para [&hellip;]<\/p>\n","protected":false},"author":25,"featured_media":0,"parent":0,"menu_order":0,"comment_status":"closed","ping_status":"closed","template":"","meta":{"_acf_changed":false,"footnotes":""},"categories":[],"tags":[],"class_list":["post-31200","page","type-page","status-publish","hentry"],"acf":[],"_links":{"self":[{"href":"https:\/\/www.staging.labovick.com\/es\/wp-json\/wp\/v2\/pages\/31200"}],"collection":[{"href":"https:\/\/www.staging.labovick.com\/es\/wp-json\/wp\/v2\/pages"}],"about":[{"href":"https:\/\/www.staging.labovick.com\/es\/wp-json\/wp\/v2\/types\/page"}],"author":[{"embeddable":true,"href":"https:\/\/www.staging.labovick.com\/es\/wp-json\/wp\/v2\/users\/25"}],"replies":[{"embeddable":true,"href":"https:\/\/www.staging.labovick.com\/es\/wp-json\/wp\/v2\/comments?post=31200"}],"version-history":[{"count":1,"href":"https:\/\/www.staging.labovick.com\/es\/wp-json\/wp\/v2\/pages\/31200\/revisions"}],"predecessor-version":[{"id":32504,"href":"https:\/\/www.staging.labovick.com\/es\/wp-json\/wp\/v2\/pages\/31200\/revisions\/32504"}],"wp:attachment":[{"href":"https:\/\/www.staging.labovick.com\/es\/wp-json\/wp\/v2\/media?parent=31200"}],"wp:term":[{"taxonomy":"category","embeddable":true,"href":"https:\/\/www.staging.labovick.com\/es\/wp-json\/wp\/v2\/categories?post=31200"},{"taxonomy":"post_tag","embeddable":true,"href":"https:\/\/www.staging.labovick.com\/es\/wp-json\/wp\/v2\/tags?post=31200"}],"curies":[{"name":"wp","href":"https:\/\/api.w.org\/{rel}","templated":true}]}}