{"id":31207,"date":"2020-03-24T11:39:53","date_gmt":"2020-03-24T15:39:53","guid":{"rendered":"https:\/\/www.staging.labovick.com\/descargo-de-responsabilidad\/"},"modified":"2023-05-31T09:23:04","modified_gmt":"2023-05-31T13:23:04","slug":"descargo-de-responsabilidad","status":"publish","type":"page","link":"https:\/\/www.staging.labovick.com\/es\/descargo-de-responsabilidad\/","title":{"rendered":"Descargo de responsabilidad"},"content":{"rendered":"<p>Todo lo que escribimos en nuestro sitio web tiene \u00fanicamente fines informativos generales. NO lo consideres un consejo. Hablamos de muchas cosas en el sitio, pero cada asunto jur\u00eddico es diferente. Si lees algo aqu\u00ed y nos haces una pregunta a trav\u00e9s de nuestros formularios de consulta en el sitio web, eso tampoco crea ni crear\u00e1 NUNCA una relaci\u00f3n abogado-cliente.<\/p>\n<p>Si necesitas asesoramiento jur\u00eddico u otro tipo de asesoramiento profesional, debes obtener una consulta real con un abogado que te haga saber (ya sea por tel\u00e9fono, en persona o con cartas\/correos electr\u00f3nicos) que comprendemos tu situaci\u00f3n y que aceptamos asesorarte y\/o llevar tu caso. Debes comunicarnos tus datos particulares antes de que podamos siquiera pensar en intentar ayudarte. Pero queremos ayudar.<\/p>\n<p>Nuestro sitio web es s\u00f3lo el principio; tambi\u00e9n debemos asegurarnos de que no haya conflictos legales en tu caso. Por lo tanto, a menos que le indiquemos lo contrario, cualquier informaci\u00f3n que nos env\u00ede (por Internet, correo, entrega en mano, correo electr\u00f3nico, a trav\u00e9s de nuestro(s) sitio(s) web o de cualquier otra forma) no puede constituir un contrato de servicios jur\u00eddicos y no te garantizar\u00e1 la confidencialidad. Si tienes alguna pregunta sobre esta cl\u00e1usula de exenci\u00f3n de responsabilidad, ll\u00e1manos. Somos abogados amigos. Nuestro departamento de recepci\u00f3n es insuperable.<\/p>\n","protected":false},"excerpt":{"rendered":"<p>Todo lo que escribimos en nuestro sitio web tiene \u00fanicamente fines informativos generales. NO lo consideres un consejo. Hablamos de muchas cosas en el sitio, pero cada asunto jur\u00eddico es diferente. Si lees algo aqu\u00ed y nos haces una pregunta a trav\u00e9s de nuestros formularios de consulta en el sitio web, eso tampoco crea ni [&hellip;]<\/p>\n","protected":false},"author":25,"featured_media":0,"parent":0,"menu_order":0,"comment_status":"closed","ping_status":"closed","template":"","meta":{"_acf_changed":false,"footnotes":""},"categories":[],"tags":[],"class_list":["post-31207","page","type-page","status-publish","hentry"],"acf":[],"_links":{"self":[{"href":"https:\/\/www.staging.labovick.com\/es\/wp-json\/wp\/v2\/pages\/31207"}],"collection":[{"href":"https:\/\/www.staging.labovick.com\/es\/wp-json\/wp\/v2\/pages"}],"about":[{"href":"https:\/\/www.staging.labovick.com\/es\/wp-json\/wp\/v2\/types\/page"}],"author":[{"embeddable":true,"href":"https:\/\/www.staging.labovick.com\/es\/wp-json\/wp\/v2\/users\/25"}],"replies":[{"embeddable":true,"href":"https:\/\/www.staging.labovick.com\/es\/wp-json\/wp\/v2\/comments?post=31207"}],"version-history":[{"count":2,"href":"https:\/\/www.staging.labovick.com\/es\/wp-json\/wp\/v2\/pages\/31207\/revisions"}],"predecessor-version":[{"id":32494,"href":"https:\/\/www.staging.labovick.com\/es\/wp-json\/wp\/v2\/pages\/31207\/revisions\/32494"}],"wp:attachment":[{"href":"https:\/\/www.staging.labovick.com\/es\/wp-json\/wp\/v2\/media?parent=31207"}],"wp:term":[{"taxonomy":"category","embeddable":true,"href":"https:\/\/www.staging.labovick.com\/es\/wp-json\/wp\/v2\/categories?post=31207"},{"taxonomy":"post_tag","embeddable":true,"href":"https:\/\/www.staging.labovick.com\/es\/wp-json\/wp\/v2\/tags?post=31207"}],"curies":[{"name":"wp","href":"https:\/\/api.w.org\/{rel}","templated":true}]}}