{"id":31217,"date":"2021-04-12T08:43:23","date_gmt":"2021-04-12T12:43:23","guid":{"rendered":"https:\/\/www.staging.labovick.com\/pacientes-derivados\/"},"modified":"2023-05-31T09:24:19","modified_gmt":"2023-05-31T13:24:19","slug":"pacientes-derivados","status":"publish","type":"page","link":"https:\/\/www.staging.labovick.com\/es\/pacientes-derivados\/","title":{"rendered":"Remisi\u00f3n de pacientes"},"content":{"rendered":"<h2>\u00bfPor qu\u00e9 referir a un paciente a LaBovick Law Group?<\/h2>\n<p>En LaBovick Law Group, realmente nos preocupamos por nuestros clientes. Nuestra pr\u00e1ctica se basa en ayudar a la gente a resolver situaciones dif\u00edciles y a veces tr\u00e1gicas y queremos que sepas que como parte de nuestra Familia de Guerreros, las personas que nos conf\u00edes ser\u00e1n tratadas como si tambi\u00e9n fueran parte de nuestra familia. Los pacientes que nos remita nunca ser\u00e1n en nuestro bufete un simple n\u00famero o un expediente. Se convierten en parte de nuestra familia. Y luchamos por ellos, como lo har\u00edamos por nuestra familia.<\/p>\n<p>Estar\u00e1s en buenas manos con nuestra Directora de Marketing de Referencia, Natalie Eisen. No dude en ponerse en contacto con ella si tiene alguna pregunta, comentario o duda sobre sus referencias. Puede ponerse en contacto con Natalie en el (561) 625-8324 o en <a href=\"mailto:NEisen@staging.labovick.com\">NEisen@staging.labovick.com<\/a>.<\/p>\n","protected":false},"excerpt":{"rendered":"<p>\u00bfPor qu\u00e9 referir a un paciente a LaBovick Law Group? En LaBovick Law Group, realmente nos preocupamos por nuestros clientes. Nuestra pr\u00e1ctica se basa en ayudar a la gente a resolver situaciones dif\u00edciles y a veces tr\u00e1gicas y queremos que sepas que como parte de nuestra Familia de Guerreros, las personas que nos conf\u00edes ser\u00e1n [&hellip;]<\/p>\n","protected":false},"author":25,"featured_media":0,"parent":0,"menu_order":0,"comment_status":"closed","ping_status":"closed","template":"","meta":{"_acf_changed":false,"footnotes":""},"categories":[],"tags":[],"class_list":["post-31217","page","type-page","status-publish","hentry"],"acf":[],"_links":{"self":[{"href":"https:\/\/www.staging.labovick.com\/es\/wp-json\/wp\/v2\/pages\/31217"}],"collection":[{"href":"https:\/\/www.staging.labovick.com\/es\/wp-json\/wp\/v2\/pages"}],"about":[{"href":"https:\/\/www.staging.labovick.com\/es\/wp-json\/wp\/v2\/types\/page"}],"author":[{"embeddable":true,"href":"https:\/\/www.staging.labovick.com\/es\/wp-json\/wp\/v2\/users\/25"}],"replies":[{"embeddable":true,"href":"https:\/\/www.staging.labovick.com\/es\/wp-json\/wp\/v2\/comments?post=31217"}],"version-history":[{"count":1,"href":"https:\/\/www.staging.labovick.com\/es\/wp-json\/wp\/v2\/pages\/31217\/revisions"}],"predecessor-version":[{"id":32427,"href":"https:\/\/www.staging.labovick.com\/es\/wp-json\/wp\/v2\/pages\/31217\/revisions\/32427"}],"wp:attachment":[{"href":"https:\/\/www.staging.labovick.com\/es\/wp-json\/wp\/v2\/media?parent=31217"}],"wp:term":[{"taxonomy":"category","embeddable":true,"href":"https:\/\/www.staging.labovick.com\/es\/wp-json\/wp\/v2\/categories?post=31217"},{"taxonomy":"post_tag","embeddable":true,"href":"https:\/\/www.staging.labovick.com\/es\/wp-json\/wp\/v2\/tags?post=31217"}],"curies":[{"name":"wp","href":"https:\/\/api.w.org\/{rel}","templated":true}]}}